{"id":217,"date":"2025-08-14T10:33:17","date_gmt":"2025-08-14T10:33:17","guid":{"rendered":"https:\/\/nominikasyno.com\/?page_id=217"},"modified":"2025-08-14T10:33:17","modified_gmt":"2025-08-14T10:33:17","slug":"nomini-at","status":"publish","type":"page","link":"https:\/\/nominikasyno.com\/de\/","title":{"rendered":"Nomini AT"},"content":{"rendered":"<h1>Nomini Casino \u00d6sterreich<\/h1>\n<p>Nomini Casino ist eine beliebte Gl\u00fccksspielseite in \u00d6sterreich, die 2019 gegr\u00fcndet wurde. Die Plattform bietet eine gro\u00dfe Auswahl an Spielen und attraktive Boni, unterst\u00fctzt durch die Funktion \u201eBonus Crab\u201c. Dank Partnerschaften mit Top-Providern zieht das Casino tausende \u00f6sterreichische Spieler an.<\/p>\n<h2>Sicherheit in \u00d6sterreich und verantwortungsbewusstes Spielen<\/h2>\n<p>Nomini ist ein vollkommen sicheres Online-Casino mit SSL-Verschl\u00fcsselung und zertifizierten Zahlungsanbietern. Die Einhaltung internationaler Standards sch\u00fctzt Spieler vor Spielsucht und f\u00f6rdert eine sichere Spielumgebung. Es stehen Einzahlungslimits, Realit\u00e4tschecks und Kontosperrungen zur Verf\u00fcgung.<\/p>\n<h2>Spielautomaten bei Nomini Casino<\/h2>\n<div class=\"slots-container\">\n<div class=\"slot\">\n<div><img decoding=\"async\" src=\"\/wp-content\/uploads\/2025\/02\/Sugar-Rush-1000.gif\" alt=\"Sugar Rush 1000\"><\/div>\n<div><a href=\"\/games\" rel=\"nofollow\" class=\"play-button\"><svg viewBox=\"0 0 24 24\"><polygon points=\"8,5 19,12 8,19\" fill=\"#a3124f\"\/><\/svg><\/a><\/div>\n<\/div>\n<div class=\"slot\">\n<div><img decoding=\"async\" src=\"\/wp-content\/uploads\/2025\/02\/Gonzos-Quest-Megaways.jpg\" alt=\"Gonzo\u2019s Quest Megaways\"><\/div>\n<div><a href=\"\/games\" rel=\"nofollow\" class=\"play-button\"><svg viewBox=\"0 0 24 24\"><polygon points=\"8,5 19,12 8,19\" fill=\"#a3124f\"\/><\/svg><\/a><\/div>\n<\/div>\n<div class=\"slot\">\n<div><img decoding=\"async\" src=\"\/wp-content\/uploads\/2025\/02\/HotTriple-Sevens.jpg\" alt=\"Hot Triple Sevens\"><\/div>\n<div><a href=\"\/games\" rel=\"nofollow\" class=\"play-button\"><svg viewBox=\"0 0 24 24\"><polygon points=\"8,5 19,12 8,19\" fill=\"#a3124f\"\/><\/svg><\/a><\/div>\n<\/div>\n<div class=\"slot\">\n<div><img decoding=\"async\" src=\"\/wp-content\/uploads\/2025\/02\/Zeus-vs-Hades-Gods-of-War.png\" alt=\"Zeus vs Hades \u2013 G\u00f6tterkrieg\"><\/div>\n<div><a href=\"\/games\" rel=\"nofollow\" class=\"play-button\"><svg viewBox=\"0 0 24 24\"><polygon points=\"8,5 19,12 8,19\" fill=\"#a3124f\"\/><\/svg><\/a><\/div>\n<\/div>\n<div class=\"slot\">\n<div><img decoding=\"async\" src=\"\/wp-content\/uploads\/2025\/02\/Wild-Spin.png\" alt=\"Wild Spin\"><\/div>\n<div><a href=\"\/games\" rel=\"nofollow\" class=\"play-button\"><svg viewBox=\"0 0 24 24\"><polygon points=\"8,5 19,12 8,19\" fill=\"#a3124f\"\/><\/svg><\/a><\/div>\n<\/div>\n<\/div>\n<p>Die Slot-Bibliothek umfasst Titel von bekannten Entwicklern wie Pragmatic Play, Play\u2019n GO, Novomatic oder Octoplay. Zu den Highlights z\u00e4hlen Gates of Olympus, Moon Princess Power of Love und Wolf Fang Ice and Fire.<\/p>\n<p>Alle Spielautomaten k\u00f6nnen kostenlos im Demo-Modus getestet werden \u2013 einfach mit dem Mauszeiger \u00fcber das Spiel fahren und \u201eDemo\u201c klicken.<\/p>\n<h2>Klassische Unterhaltung und Live-Casino bei Nomini<\/h2>\n<div class=\"slots-container\">\n<div class=\"slot\">\n<div><img decoding=\"async\" src=\"\/wp-content\/uploads\/2025\/02\/Crazy-Time.png\" alt=\"Crazy Time\"><\/div>\n<div><a href=\"\/games\" rel=\"nofollow\" class=\"play-button\"><svg viewBox=\"0 0 24 24\"><polygon points=\"8,5 19,12 8,19\" fill=\"#a3124f\"\/><\/svg><\/a><\/div>\n<\/div>\n<div class=\"slot\">\n<div><img decoding=\"async\" src=\"\/wp-content\/uploads\/2025\/02\/Live-Roulette-Azure.png\" alt=\"Live Roulette Azure\"><\/div>\n<div><a href=\"\/games\" rel=\"nofollow\" class=\"play-button\"><svg viewBox=\"0 0 24 24\"><polygon points=\"8,5 19,12 8,19\" fill=\"#a3124f\"\/><\/svg><\/a><\/div>\n<\/div>\n<div class=\"slot\">\n<div><img decoding=\"async\" src=\"\/wp-content\/uploads\/2025\/02\/Football-Studio-Dice.png\" alt=\"Football Studio Dice\"><\/div>\n<div><a href=\"\/games\" rel=\"nofollow\" class=\"play-button\"><svg viewBox=\"0 0 24 24\"><polygon points=\"8,5 19,12 8,19\" fill=\"#a3124f\"\/><\/svg><\/a><\/div>\n<\/div>\n<div class=\"slot\">\n<div><img decoding=\"async\" src=\"\/wp-content\/uploads\/2025\/02\/Live-Speed-Baccarat.png\" alt=\"Live Speed Baccarat\"><\/div>\n<div><a href=\"\/games\" rel=\"nofollow\" class=\"play-button\"><svg viewBox=\"0 0 24 24\"><polygon points=\"8,5 19,12 8,19\" fill=\"#a3124f\"\/><\/svg><\/a><\/div>\n<\/div>\n<div class=\"slot\">\n<div><img decoding=\"async\" src=\"\/wp-content\/uploads\/2025\/02\/Las-Vegas-Roulette.png\" alt=\"Las Vegas Roulette\"><\/div>\n<div><a href=\"\/games\" rel=\"nofollow\" class=\"play-button\"><svg viewBox=\"0 0 24 24\"><polygon points=\"8,5 19,12 8,19\" fill=\"#a3124f\"\/><\/svg><\/a><\/div>\n<\/div>\n<\/div>\n<h2>Zahlungsmethoden und Auszahlungszeiten<\/h2>\n<table>\n<thead>\n<tr>\n<th>Zahlungsmethode<\/th>\n<th>Einzahlung (\u20ac)<\/th>\n<th>Auszahlung (\u20ac)<\/th>\n<th>Dauer<\/th>\n<th>Auszahlungszeit<\/th>\n<\/tr>\n<\/thead>\n<tbody>\n<tr>\n<td>Kredit-\/Debitkarte<\/td>\n<td>10 \u2013 5000<\/td>\n<td>20 \u2013 7000<\/td>\n<td>Sofort<\/td>\n<td>1\u20133 Tage<\/td>\n<\/tr>\n<tr>\n<td>Skrill<\/td>\n<td>15 \u2013 10000<\/td>\n<td>30 \u2013 8000<\/td>\n<td>Sofort<\/td>\n<td>1\u20133 Tage<\/td>\n<\/tr>\n<tr>\n<td>Neteller<\/td>\n<td>15 \u2013 8000<\/td>\n<td>30 \u2013 7000<\/td>\n<td>Sofort<\/td>\n<td>1\u20133 Tage<\/td>\n<\/tr>\n<tr>\n<td>Kryptow\u00e4hrungen<\/td>\n<td>20 \u2013 10000<\/td>\n<td>50 \u2013 10000<\/td>\n<td>Sofort<\/td>\n<td>1\u20133 Tage<\/td>\n<\/tr>\n<\/tbody>\n<\/table>\n<div><img loading=\"lazy\" decoding=\"async\" src=\"\/wp-content\/uploads\/2025\/02\/nomini-tournament.webp\" alt=\"nomini tournament\" width=\"1872\" height=\"210\" class=\"aligncenter size-full wp-image-23\" \/><\/div>\n<h2>Jetzt registrieren und s\u00fc\u00dfen Bonus erhalten!<\/h2>\n<table>\n<tbody>\n<tr>\n<td>\ud83c\udf49 Wassermelone<\/td>\n<td>3 Freispiele je 5 \u20ac Einzahlung<\/td>\n<\/tr>\n<tr>\n<td>\ud83c\udf4c Banane<\/td>\n<td>Bis zu 500 \u20ac Bonus auf 3 Einzahlungen<\/td>\n<\/tr>\n<tr>\n<td>\ud83e\udd66 Brokkoli<\/td>\n<td>100 % Sportbonus bis 50 \u20ac<\/td>\n<\/tr>\n<tr>\n<td>\ud83c\udf1f Sternfrucht<\/td>\n<td>150 % Bonus bis 75 \u20ac<\/td>\n<\/tr>\n<tr>\n<td>\u20bf Kryptobonus<\/td>\n<td>Bis zu 100 mBTC + 100 Freispiele<\/td>\n<\/tr>\n<tr>\n<td>\ud83c\udf4b Limette<\/td>\n<td>50 % Bonus bis 500 \u20ac<\/td>\n<\/tr>\n<tr>\n<td>\ud83c\udf53 Erdbeere<\/td>\n<td>15 % Cashback im Live-Casino<\/td>\n<\/tr>\n<tr>\n<td>\ud83c\udf52 Kirsche<\/td>\n<td>100 % Bonus bis 250 \u20ac + 200 Freispiele<\/td>\n<\/tr>\n<\/tbody>\n<\/table>\n<p>Klicke auf \u201eRegistrieren\u201c, gib deine Daten ein, \u00f6ffne die \u201eAktionen\u201c-Seite und w\u00e4hle deinen Willkommensbonus. Nach einer Einzahlung von mindestens 20 \u20ac wird der Bonus automatisch deinem Konto gutgeschrieben.<\/p>\n","protected":false},"excerpt":{"rendered":"<p>Nomini Casino \u00d6sterreich Nomini Casino ist eine beliebte Gl\u00fccksspielseite in \u00d6sterreich, die 2019 gegr\u00fcndet wurde. Die Plattform bietet eine gro\u00dfe Auswahl an Spielen und attraktive Boni, unterst\u00fctzt durch die Funktion \u201eBonus Crab\u201c. Dank Partnerschaften mit Top-Providern zieht das Casino tausende \u00f6sterreichische Spieler an. Sicherheit in \u00d6sterreich und verantwortungsbewusstes Spielen Nomini ist ein vollkommen sicheres Online-Casino [&hellip;]<\/p>\n","protected":false},"author":1,"featured_media":0,"parent":0,"menu_order":0,"comment_status":"closed","ping_status":"open","template":"","meta":{"footnotes":""},"yoast_head":"<!-- This site is optimized with the Yoast SEO plugin v24.5 - https:\/\/yoast.com\/wordpress\/plugins\/seo\/ -->\n<title>Nomini Casino \u25b7 Offizielle Website des Nomini \u00d6sterreich<\/title>\n<meta name=\"description\" content=\"Spielen Sie die besten Slots und Kartenspiele im Nomini Casino. \u2b50 W\u00e4hlen Sie aus 6 Boni. Demo, professionelle Dealer, Top-Anbieter \u279e alles bei Nomini AT!\" \/>\n<meta name=\"robots\" content=\"index, follow, max-snippet:-1, max-image-preview:large, max-video-preview:-1\" \/>\n<link rel=\"canonical\" href=\"https:\/\/nominikasyno.com\/de\/\" \/>\n<meta property=\"og:locale\" content=\"pl_PL\" \/>\n<meta property=\"og:type\" content=\"article\" \/>\n<meta property=\"og:title\" content=\"Nomini Casino \u25b7 Offizielle Website des Nomini \u00d6sterreich\" \/>\n<meta property=\"og:description\" content=\"Spielen Sie die besten Slots und Kartenspiele im Nomini Casino. \u2b50 W\u00e4hlen Sie aus 6 Boni. Demo, professionelle Dealer, Top-Anbieter \u279e alles bei Nomini AT!\" \/>\n<meta property=\"og:url\" content=\"https:\/\/nominikasyno.com\/de\/\" \/>\n<meta property=\"og:site_name\" content=\"nominikasyno.com\" \/>\n<meta name=\"twitter:card\" content=\"summary_large_image\" \/>\n<script type=\"application\/ld+json\" class=\"yoast-schema-graph\">{\"@context\":\"https:\/\/schema.org\",\"@graph\":[{\"@type\":\"WebPage\",\"@id\":\"https:\/\/nominikasyno.com\/de\/\",\"url\":\"https:\/\/nominikasyno.com\/de\/\",\"name\":\"Nomini Casino \u25b7 Offizielle Website des Nomini \u00d6sterreich\",\"isPartOf\":{\"@id\":\"https:\/\/nominikasyno.com\/de\/#website\"},\"datePublished\":\"2025-08-14T10:33:17+00:00\",\"description\":\"Spielen Sie die besten Slots und Kartenspiele im Nomini Casino. \u2b50 W\u00e4hlen Sie aus 6 Boni. Demo, professionelle Dealer, Top-Anbieter \u279e alles bei Nomini AT!\",\"breadcrumb\":{\"@id\":\"https:\/\/nominikasyno.com\/de\/#breadcrumb\"},\"inLanguage\":\"pl\",\"potentialAction\":[{\"@type\":\"ReadAction\",\"target\":[\"https:\/\/nominikasyno.com\/de\/\"]}]},{\"@type\":\"BreadcrumbList\",\"@id\":\"https:\/\/nominikasyno.com\/de\/#breadcrumb\",\"itemListElement\":[{\"@type\":\"ListItem\",\"position\":1,\"name\":\"Strona g\u0142\u00f3wna\",\"item\":\"https:\/\/nominikasyno.com\/de\/\"},{\"@type\":\"ListItem\",\"position\":2,\"name\":\"Nomini AT\"}]},{\"@type\":\"WebSite\",\"@id\":\"https:\/\/nominikasyno.com\/de\/#website\",\"url\":\"https:\/\/nominikasyno.com\/de\/\",\"name\":\"nominikasyno.com\",\"description\":\"\",\"publisher\":{\"@id\":\"https:\/\/nominikasyno.com\/de\/#organization\"},\"potentialAction\":[{\"@type\":\"SearchAction\",\"target\":{\"@type\":\"EntryPoint\",\"urlTemplate\":\"https:\/\/nominikasyno.com\/de\/?s={search_term_string}\"},\"query-input\":{\"@type\":\"PropertyValueSpecification\",\"valueRequired\":true,\"valueName\":\"search_term_string\"}}],\"inLanguage\":\"pl\"},{\"@type\":\"Organization\",\"@id\":\"https:\/\/nominikasyno.com\/de\/#organization\",\"name\":\"nominikasyno.com\",\"url\":\"https:\/\/nominikasyno.com\/de\/\",\"logo\":{\"@type\":\"ImageObject\",\"inLanguage\":\"pl\",\"@id\":\"https:\/\/nominikasyno.com\/de\/#\/schema\/logo\/image\/\",\"url\":\"https:\/\/nominikasyno.com\/wp-content\/uploads\/2025\/02\/nomini-logo.png\",\"contentUrl\":\"https:\/\/nominikasyno.com\/wp-content\/uploads\/2025\/02\/nomini-logo.png\",\"width\":1209,\"height\":405,\"caption\":\"nominikasyno.com\"},\"image\":{\"@id\":\"https:\/\/nominikasyno.com\/de\/#\/schema\/logo\/image\/\"}}]}<\/script>\n<!-- \/ Yoast SEO plugin. -->","yoast_head_json":{"title":"Nomini Casino \u25b7 Offizielle Website des Nomini \u00d6sterreich","description":"Spielen Sie die besten Slots und Kartenspiele im Nomini Casino. \u2b50 W\u00e4hlen Sie aus 6 Boni. Demo, professionelle Dealer, Top-Anbieter \u279e alles bei Nomini AT!","robots":{"index":"index","follow":"follow","max-snippet":"max-snippet:-1","max-image-preview":"max-image-preview:large","max-video-preview":"max-video-preview:-1"},"canonical":"https:\/\/nominikasyno.com\/de\/","og_locale":"pl_PL","og_type":"article","og_title":"Nomini Casino \u25b7 Offizielle Website des Nomini \u00d6sterreich","og_description":"Spielen Sie die besten Slots und Kartenspiele im Nomini Casino. \u2b50 W\u00e4hlen Sie aus 6 Boni. Demo, professionelle Dealer, Top-Anbieter \u279e alles bei Nomini AT!","og_url":"https:\/\/nominikasyno.com\/de\/","og_site_name":"nominikasyno.com","twitter_card":"summary_large_image","schema":{"@context":"https:\/\/schema.org","@graph":[{"@type":"WebPage","@id":"https:\/\/nominikasyno.com\/de\/","url":"https:\/\/nominikasyno.com\/de\/","name":"Nomini Casino \u25b7 Offizielle Website des Nomini \u00d6sterreich","isPartOf":{"@id":"https:\/\/nominikasyno.com\/de\/#website"},"datePublished":"2025-08-14T10:33:17+00:00","description":"Spielen Sie die besten Slots und Kartenspiele im Nomini Casino. \u2b50 W\u00e4hlen Sie aus 6 Boni. Demo, professionelle Dealer, Top-Anbieter \u279e alles bei Nomini AT!","breadcrumb":{"@id":"https:\/\/nominikasyno.com\/de\/#breadcrumb"},"inLanguage":"pl","potentialAction":[{"@type":"ReadAction","target":["https:\/\/nominikasyno.com\/de\/"]}]},{"@type":"BreadcrumbList","@id":"https:\/\/nominikasyno.com\/de\/#breadcrumb","itemListElement":[{"@type":"ListItem","position":1,"name":"Strona g\u0142\u00f3wna","item":"https:\/\/nominikasyno.com\/de\/"},{"@type":"ListItem","position":2,"name":"Nomini AT"}]},{"@type":"WebSite","@id":"https:\/\/nominikasyno.com\/de\/#website","url":"https:\/\/nominikasyno.com\/de\/","name":"nominikasyno.com","description":"","publisher":{"@id":"https:\/\/nominikasyno.com\/de\/#organization"},"potentialAction":[{"@type":"SearchAction","target":{"@type":"EntryPoint","urlTemplate":"https:\/\/nominikasyno.com\/de\/?s={search_term_string}"},"query-input":{"@type":"PropertyValueSpecification","valueRequired":true,"valueName":"search_term_string"}}],"inLanguage":"pl"},{"@type":"Organization","@id":"https:\/\/nominikasyno.com\/de\/#organization","name":"nominikasyno.com","url":"https:\/\/nominikasyno.com\/de\/","logo":{"@type":"ImageObject","inLanguage":"pl","@id":"https:\/\/nominikasyno.com\/de\/#\/schema\/logo\/image\/","url":"https:\/\/nominikasyno.com\/wp-content\/uploads\/2025\/02\/nomini-logo.png","contentUrl":"https:\/\/nominikasyno.com\/wp-content\/uploads\/2025\/02\/nomini-logo.png","width":1209,"height":405,"caption":"nominikasyno.com"},"image":{"@id":"https:\/\/nominikasyno.com\/de\/#\/schema\/logo\/image\/"}}]}},"_links":{"self":[{"href":"https:\/\/nominikasyno.com\/de\/wp-json\/wp\/v2\/pages\/217"}],"collection":[{"href":"https:\/\/nominikasyno.com\/de\/wp-json\/wp\/v2\/pages"}],"about":[{"href":"https:\/\/nominikasyno.com\/de\/wp-json\/wp\/v2\/types\/page"}],"author":[{"embeddable":true,"href":"https:\/\/nominikasyno.com\/de\/wp-json\/wp\/v2\/users\/1"}],"replies":[{"embeddable":true,"href":"https:\/\/nominikasyno.com\/de\/wp-json\/wp\/v2\/comments?post=217"}],"version-history":[{"count":1,"href":"https:\/\/nominikasyno.com\/de\/wp-json\/wp\/v2\/pages\/217\/revisions"}],"predecessor-version":[{"id":218,"href":"https:\/\/nominikasyno.com\/de\/wp-json\/wp\/v2\/pages\/217\/revisions\/218"}],"wp:attachment":[{"href":"https:\/\/nominikasyno.com\/de\/wp-json\/wp\/v2\/media?parent=217"}],"curies":[{"name":"wp","href":"https:\/\/api.w.org\/{rel}","templated":true}]}}