{"id":153,"date":"2024-05-23T14:32:54","date_gmt":"2024-05-23T14:32:54","guid":{"rendered":"https:\/\/nominikasyno.com\/?page_id=153"},"modified":"2025-08-14T12:00:25","modified_gmt":"2025-08-14T12:00:25","slug":"nomini-fi","status":"publish","type":"page","link":"https:\/\/nominikasyno.com\/fi\/","title":{"rendered":"Nomini FI"},"content":{"rendered":"<h1>Nomini Casino Suomi<\/h1>\n<p>Nomini Casino on suosittu rahapelisivusto Suomessa, joka perustettiin vuonna 2019. Sivustolla on laaja pelikirjasto ja houkuttelevia bonuksia, joita t\u00e4ydent\u00e4\u00e4 &#8221;Bonus Crab&#8221; -ominaisuus. Nomini Suomi tekee yhteisty\u00f6t\u00e4 alan parhaiden pelivalmistajien kanssa, ja se on houkutellut tuhansia suomalaisia pelaajia.<\/p>\n<h2>Turvallisuus Suomessa ja vastuullinen pelaaminen<\/h2>\n<p>Nomini on t\u00e4ysin turvallinen nettikasino, joka suojaa asiakastiedot luotettavilla maksuj\u00e4rjestelmill\u00e4 ja SSL-salauksella. Sivuston kansainv\u00e4listen s\u00e4\u00e4nt\u00f6jen noudattaminen auttaa suojelemaan pelaajia uhkapeliriippuvuuden kehittymiselt\u00e4. Tarjolla on useita vastuullisen pelaamisen ominaisuuksia, kuten talletusrajat, todellisuustarkistukset ja tilin j\u00e4\u00e4dytykset.<\/p>\n<h2>Kolikkopelien kirjasto Nomini Casinolla<\/h2>\n<div class=\"slots-container\">\n<div class=\"slot\">\n<div><img decoding=\"async\" src=\"\/wp-content\/uploads\/2025\/02\/Sugar-Rush-1000.gif\" alt=\"Sugar Rush 1000\"><\/div>\n<div><a href=\"\/games\" rel=\"nofollow\" class=\"play-button\"><svg viewBox=\"0 0 24 24\"><polygon points=\"8,5 19,12 8,19\" fill=\"#a3124f\"\/><\/svg><\/a><\/div>\n<\/div>\n<div class=\"slot\">\n<div><img decoding=\"async\" src=\"\/wp-content\/uploads\/2025\/02\/Gonzos-Quest-Megaways.jpg\" alt=\"Gonzo\u2019s Quest Megaways\"><\/div>\n<div><a href=\"\/games\" rel=\"nofollow\" class=\"play-button\"><svg viewBox=\"0 0 24 24\"><polygon points=\"8,5 19,12 8,19\" fill=\"#a3124f\"\/><\/svg><\/a><\/div>\n<\/div>\n<div class=\"slot\">\n<div><img decoding=\"async\" src=\"\/wp-content\/uploads\/2025\/02\/HotTriple-Sevens.jpg\" alt=\"Hot Triple Sevens\"><\/div>\n<div><a href=\"\/games\" rel=\"nofollow\" class=\"play-button\"><svg viewBox=\"0 0 24 24\"><polygon points=\"8,5 19,12 8,19\" fill=\"#a3124f\"\/><\/svg><\/a><\/div>\n<\/div>\n<div class=\"slot\">\n<div><img decoding=\"async\" src=\"\/wp-content\/uploads\/2025\/02\/Zeus-vs-Hades-Gods-of-War.png\" alt=\"Zeus vs Hades \u2013 Gods of War\"><\/div>\n<div><a href=\"\/games\" rel=\"nofollow\" class=\"play-button\"><svg viewBox=\"0 0 24 24\"><polygon points=\"8,5 19,12 8,19\" fill=\"#a3124f\"\/><\/svg><\/a><\/div>\n<\/div>\n<div class=\"slot\">\n<div><img decoding=\"async\" src=\"\/wp-content\/uploads\/2025\/02\/Wild-Spin.png\" alt=\"Wild Spin\"><\/div>\n<div><a href=\"\/games\" rel=\"nofollow\" class=\"play-button\"><svg viewBox=\"0 0 24 24\"><polygon points=\"8,5 19,12 8,19\" fill=\"#a3124f\"\/><\/svg><\/a><\/div>\n<\/div>\n<\/div>\n<p>Nomini-kasinon suurin vahvuus on sen kolikkopelien kirjasto. Pelit ovat per\u00e4isin suosituimmilta tuottajilta kuten Pragmatic Play, Octoplay, Novomatic ja Play\u2019n GO.<\/p>\n<p>Pelivalmistajien yhteisty\u00f6 Nominin kanssa mahdollistaa huippuluokan pelikokemuksen peleiss\u00e4 kuten Gates of Olympus, Moon Princess Power of Love, Wolf Fang Ice and Fire ja monissa muissa teemoitetuissa kolikkopeleiss\u00e4.<\/p>\n<p>Kaikki kolikkopelit ovat saatavilla demotilassa. Voit kokeilla niit\u00e4 ilmaiseksi viem\u00e4ll\u00e4 hiiren pelin p\u00e4\u00e4lle ja napsauttamalla \u201cDemo\u201d.<\/p>\n<h2>Klassinen viihde ja livekasino Nominilla<\/h2>\n<div class=\"slots-container\">\n<div class=\"slot\">\n<div><img decoding=\"async\" src=\"\/wp-content\/uploads\/2025\/02\/Crazy-Time.png\" alt=\"Crazy Time\"><\/div>\n<div><a href=\"\/games\" rel=\"nofollow\" class=\"play-button\"><svg viewBox=\"0 0 24 24\"><polygon points=\"8,5 19,12 8,19\" fill=\"#a3124f\"\/><\/svg><\/a><\/div>\n<\/div>\n<div class=\"slot\">\n<div><img decoding=\"async\" src=\"\/wp-content\/uploads\/2025\/02\/Live-Roulette-Azure.png\" alt=\"Live Roulette Azure\"><\/div>\n<div><a href=\"\/games\" rel=\"nofollow\" class=\"play-button\"><svg viewBox=\"0 0 24 24\"><polygon points=\"8,5 19,12 8,19\" fill=\"#a3124f\"\/><\/svg><\/a><\/div>\n<\/div>\n<div class=\"slot\">\n<div><img decoding=\"async\" src=\"\/wp-content\/uploads\/2025\/02\/Football-Studio-Dice.png\" alt=\"Football Studio Dice\"><\/div>\n<div><a href=\"\/games\" rel=\"nofollow\" class=\"play-button\"><svg viewBox=\"0 0 24 24\"><polygon points=\"8,5 19,12 8,19\" fill=\"#a3124f\"\/><\/svg><\/a><\/div>\n<\/div>\n<div class=\"slot\">\n<div><img decoding=\"async\" src=\"\/wp-content\/uploads\/2025\/02\/Live-Speed-Baccarat.png\" alt=\"Live Speed Baccarat\"><\/div>\n<div><a href=\"\/games\" rel=\"nofollow\" class=\"play-button\"><svg viewBox=\"0 0 24 24\"><polygon points=\"8,5 19,12 8,19\" fill=\"#a3124f\"\/><\/svg><\/a><\/div>\n<\/div>\n<div class=\"slot\">\n<div><img decoding=\"async\" src=\"\/wp-content\/uploads\/2025\/02\/Las-Vegas-Roulette.png\" alt=\"Las Vegas Roulette\"><\/div>\n<div><a href=\"\/games\" rel=\"nofollow\" class=\"play-button\"><svg viewBox=\"0 0 24 24\"><polygon points=\"8,5 19,12 8,19\" fill=\"#a3124f\"\/><\/svg><\/a><\/div>\n<\/div>\n<\/div>\n<p>Livekasino-osio tarjoaa kivijalkakasinoiden j\u00e4nnityksen suoraan kotisohvalle. Nominilla voit pelata rulettia, blackjackia, baccaratia ja muita klassisia pelej\u00e4 ammattijakajien johdolla.<\/p>\n<p>Monet livepelit perustuvat suosittuihin tv-show-formaatteihin, kuten onnenpy\u00f6r\u00e4\u00e4n, jossa voit ly\u00f6d\u00e4 vetoa eri sektoreista ja voittaa kertoimia tai p\u00e4\u00e4st\u00e4 bonuspeliin jackpotilla.<\/p>\n<h2>Maksutavat ja kotiutusaika<\/h2>\n<p>Pelaaminen Nominilla on helppoa monipuolisten maksutapojen ansiosta:<\/p>\n<table>\n<thead>\n<tr>\n<th>Maksutapa<\/th>\n<th>Talletusrajat (\u20ac)<\/th>\n<th>Kotiutusrajat (\u20ac)<\/th>\n<th>Talletusaika<\/th>\n<th>Kotiutusaika<\/th>\n<\/tr>\n<\/thead>\n<tbody>\n<tr>\n<td>Visa\/Mastercard<\/td>\n<td>10 \u2013 5000<\/td>\n<td>20 \u2013 7000<\/td>\n<td>V\u00e4litt\u00f6m\u00e4sti<\/td>\n<td>1\u20133 p\u00e4iv\u00e4\u00e4<\/td>\n<\/tr>\n<tr>\n<td>Skrill<\/td>\n<td>15 \u2013 10000<\/td>\n<td>30 \u2013 8000<\/td>\n<td>V\u00e4litt\u00f6m\u00e4sti<\/td>\n<td>1\u20133 p\u00e4iv\u00e4\u00e4<\/td>\n<\/tr>\n<tr>\n<td>Neteller<\/td>\n<td>15 \u2013 8000<\/td>\n<td>30 \u2013 7000<\/td>\n<td>V\u00e4litt\u00f6m\u00e4sti<\/td>\n<td>1\u20133 p\u00e4iv\u00e4\u00e4<\/td>\n<\/tr>\n<tr>\n<td>Kryptovaluutat<\/td>\n<td>20 \u2013 10000<\/td>\n<td>50 \u2013 10000<\/td>\n<td>V\u00e4litt\u00f6m\u00e4sti<\/td>\n<td>1\u20133 p\u00e4iv\u00e4\u00e4<\/td>\n<\/tr>\n<\/tbody>\n<\/table>\n<div><img loading=\"lazy\" decoding=\"async\" src=\"\/wp-content\/uploads\/2025\/02\/nomini-tournament.webp\" alt=\"nomini tournament\" width=\"1872\" height=\"210\" class=\"aligncenter size-full wp-image-23\" \/><\/div>\n<h2>Rekister\u00f6idy Nomini Casinolle makealla bonuksella!<\/h2>\n<p>Uudet pelaajat voivat valita yhden seitsem\u00e4st\u00e4 tervetuliaisbonuksesta:<\/p>\n<table>\n<tbody>\n<tr>\n<td>\ud83c\udf49 Vesimeloni<\/td>\n<td>3 ilmaiskierrosta jokaista 5 \u20ac talletusta kohti<\/td>\n<\/tr>\n<tr>\n<td>\ud83c\udf4c Banaani<\/td>\n<td>Jopa 500 \u20ac bonus kolmella talletuksella<\/td>\n<\/tr>\n<tr>\n<td>\ud83e\udd66 Parsakaali<\/td>\n<td>100 % bonus 50 \u20ac asti urheiluvedonly\u00f6ntiin<\/td>\n<\/tr>\n<tr>\n<td>\ud83c\udf1f Karambola<\/td>\n<td>150 % bonus 75 \u20ac asti<\/td>\n<\/tr>\n<tr>\n<td>\u20bf Kryptobonus<\/td>\n<td>Jopa 100 mBTC + 100 ilmaiskierrosta<\/td>\n<\/tr>\n<tr>\n<td>\ud83c\udf4b Lime<\/td>\n<td>50 % bonus 500 \u20ac asti<\/td>\n<\/tr>\n<tr>\n<td>\ud83c\udf53 Mansikka<\/td>\n<td>15 % cashback livekasinolla<\/td>\n<\/tr>\n<tr>\n<td>\ud83c\udf52 Kirsikka<\/td>\n<td>100 % bonus 250 \u20ac asti + 200 ilmaiskierrosta<\/td>\n<\/tr>\n<\/tbody>\n<\/table>\n<p>Valitse bonus avaamalla \u201cRekister\u00f6idy\u201d-painike ja sy\u00f6t\u00e4 tietosi. Mene sitten \u201cKampanjat\u201d-osioon ja valitse haluamasi tervetuliaisbonus. Talleta v\u00e4hint\u00e4\u00e4n 20 \u20ac, ja bonus hyvitet\u00e4\u00e4n automaattisesti tilillesi.<\/p>\n","protected":false},"excerpt":{"rendered":"<p>Nomini Casino Suomi Nomini Casino on suosittu rahapelisivusto Suomessa, joka perustettiin vuonna 2019. Sivustolla on laaja pelikirjasto ja houkuttelevia bonuksia, joita t\u00e4ydent\u00e4\u00e4 &#8221;Bonus Crab&#8221; -ominaisuus. Nomini Suomi tekee yhteisty\u00f6t\u00e4 alan parhaiden pelivalmistajien kanssa, ja se on houkutellut tuhansia suomalaisia pelaajia. Turvallisuus Suomessa ja vastuullinen pelaaminen Nomini on t\u00e4ysin turvallinen nettikasino, joka suojaa asiakastiedot luotettavilla maksuj\u00e4rjestelmill\u00e4 [&hellip;]<\/p>\n","protected":false},"author":1,"featured_media":0,"parent":0,"menu_order":0,"comment_status":"closed","ping_status":"open","template":"","meta":{"footnotes":""},"yoast_head":"<!-- This site is optimized with the Yoast SEO plugin v24.5 - https:\/\/yoast.com\/wordpress\/plugins\/seo\/ -->\n<title>Nomini Casino \u25b7 Virallinen Nomini-kasinon sivusto Suomessa<\/title>\n<meta name=\"description\" content=\"Pelaa parhaita kolikko- ja korttipelej\u00e4 Nomini Casinolla. \u2b50 Valitse 6 bonuksesta. Demo, ammattijakajat, huippuvalmistajat \u279e kaikki Nomini FI:ssa!\" \/>\n<meta name=\"robots\" content=\"index, follow, max-snippet:-1, max-image-preview:large, max-video-preview:-1\" \/>\n<link rel=\"canonical\" href=\"https:\/\/nominikasyno.com\/fi\/\" \/>\n<meta property=\"og:locale\" content=\"pl_PL\" \/>\n<meta property=\"og:type\" content=\"article\" \/>\n<meta property=\"og:title\" content=\"Nomini Casino \u25b7 Virallinen Nomini-kasinon sivusto Suomessa\" \/>\n<meta property=\"og:description\" content=\"Pelaa parhaita kolikko- ja korttipelej\u00e4 Nomini Casinolla. \u2b50 Valitse 6 bonuksesta. Demo, ammattijakajat, huippuvalmistajat \u279e kaikki Nomini FI:ssa!\" \/>\n<meta property=\"og:url\" content=\"https:\/\/nominikasyno.com\/fi\/\" \/>\n<meta property=\"og:site_name\" content=\"nominikasyno.com\" \/>\n<meta property=\"article:modified_time\" content=\"2025-08-14T12:00:25+00:00\" \/>\n<meta name=\"twitter:card\" content=\"summary_large_image\" \/>\n<meta name=\"twitter:label1\" content=\"Arvioitu lukuaika\" \/>\n\t<meta name=\"twitter:data1\" content=\"5 minuuttia\" \/>\n<script type=\"application\/ld+json\" class=\"yoast-schema-graph\">{\"@context\":\"https:\/\/schema.org\",\"@graph\":[{\"@type\":\"WebPage\",\"@id\":\"https:\/\/nominikasyno.com\/fi\/\",\"url\":\"https:\/\/nominikasyno.com\/fi\/\",\"name\":\"Nomini Casino \u25b7 Virallinen Nomini-kasinon sivusto Suomessa\",\"isPartOf\":{\"@id\":\"https:\/\/nominikasyno.com\/fi\/#website\"},\"datePublished\":\"2024-05-23T14:32:54+00:00\",\"dateModified\":\"2025-08-14T12:00:25+00:00\",\"description\":\"Pelaa parhaita kolikko- ja korttipelej\u00e4 Nomini Casinolla. \u2b50 Valitse 6 bonuksesta. Demo, ammattijakajat, huippuvalmistajat \u279e kaikki Nomini FI:ssa!\",\"breadcrumb\":{\"@id\":\"https:\/\/nominikasyno.com\/fi\/#breadcrumb\"},\"inLanguage\":\"pl\",\"potentialAction\":[{\"@type\":\"ReadAction\",\"target\":[\"https:\/\/nominikasyno.com\/fi\/\"]}]},{\"@type\":\"BreadcrumbList\",\"@id\":\"https:\/\/nominikasyno.com\/fi\/#breadcrumb\",\"itemListElement\":[{\"@type\":\"ListItem\",\"position\":1,\"name\":\"Strona g\u0142\u00f3wna\",\"item\":\"https:\/\/nominikasyno.com\/fi\/\"},{\"@type\":\"ListItem\",\"position\":2,\"name\":\"Nomini FI\"}]},{\"@type\":\"WebSite\",\"@id\":\"https:\/\/nominikasyno.com\/fi\/#website\",\"url\":\"https:\/\/nominikasyno.com\/fi\/\",\"name\":\"nominikasyno.com\",\"description\":\"\",\"publisher\":{\"@id\":\"https:\/\/nominikasyno.com\/fi\/#organization\"},\"potentialAction\":[{\"@type\":\"SearchAction\",\"target\":{\"@type\":\"EntryPoint\",\"urlTemplate\":\"https:\/\/nominikasyno.com\/fi\/?s={search_term_string}\"},\"query-input\":{\"@type\":\"PropertyValueSpecification\",\"valueRequired\":true,\"valueName\":\"search_term_string\"}}],\"inLanguage\":\"pl\"},{\"@type\":\"Organization\",\"@id\":\"https:\/\/nominikasyno.com\/fi\/#organization\",\"name\":\"nominikasyno.com\",\"url\":\"https:\/\/nominikasyno.com\/fi\/\",\"logo\":{\"@type\":\"ImageObject\",\"inLanguage\":\"pl\",\"@id\":\"https:\/\/nominikasyno.com\/fi\/#\/schema\/logo\/image\/\",\"url\":\"https:\/\/nominikasyno.com\/wp-content\/uploads\/2025\/02\/nomini-logo.png\",\"contentUrl\":\"https:\/\/nominikasyno.com\/wp-content\/uploads\/2025\/02\/nomini-logo.png\",\"width\":1209,\"height\":405,\"caption\":\"nominikasyno.com\"},\"image\":{\"@id\":\"https:\/\/nominikasyno.com\/fi\/#\/schema\/logo\/image\/\"}}]}<\/script>\n<!-- \/ Yoast SEO plugin. -->","yoast_head_json":{"title":"Nomini Casino \u25b7 Virallinen Nomini-kasinon sivusto Suomessa","description":"Pelaa parhaita kolikko- ja korttipelej\u00e4 Nomini Casinolla. \u2b50 Valitse 6 bonuksesta. Demo, ammattijakajat, huippuvalmistajat \u279e kaikki Nomini FI:ssa!","robots":{"index":"index","follow":"follow","max-snippet":"max-snippet:-1","max-image-preview":"max-image-preview:large","max-video-preview":"max-video-preview:-1"},"canonical":"https:\/\/nominikasyno.com\/fi\/","og_locale":"pl_PL","og_type":"article","og_title":"Nomini Casino \u25b7 Virallinen Nomini-kasinon sivusto Suomessa","og_description":"Pelaa parhaita kolikko- ja korttipelej\u00e4 Nomini Casinolla. \u2b50 Valitse 6 bonuksesta. Demo, ammattijakajat, huippuvalmistajat \u279e kaikki Nomini FI:ssa!","og_url":"https:\/\/nominikasyno.com\/fi\/","og_site_name":"nominikasyno.com","article_modified_time":"2025-08-14T12:00:25+00:00","twitter_card":"summary_large_image","twitter_misc":{"Arvioitu lukuaika":"5 minuuttia"},"schema":{"@context":"https:\/\/schema.org","@graph":[{"@type":"WebPage","@id":"https:\/\/nominikasyno.com\/fi\/","url":"https:\/\/nominikasyno.com\/fi\/","name":"Nomini Casino \u25b7 Virallinen Nomini-kasinon sivusto Suomessa","isPartOf":{"@id":"https:\/\/nominikasyno.com\/fi\/#website"},"datePublished":"2024-05-23T14:32:54+00:00","dateModified":"2025-08-14T12:00:25+00:00","description":"Pelaa parhaita kolikko- ja korttipelej\u00e4 Nomini Casinolla. \u2b50 Valitse 6 bonuksesta. Demo, ammattijakajat, huippuvalmistajat \u279e kaikki Nomini FI:ssa!","breadcrumb":{"@id":"https:\/\/nominikasyno.com\/fi\/#breadcrumb"},"inLanguage":"pl","potentialAction":[{"@type":"ReadAction","target":["https:\/\/nominikasyno.com\/fi\/"]}]},{"@type":"BreadcrumbList","@id":"https:\/\/nominikasyno.com\/fi\/#breadcrumb","itemListElement":[{"@type":"ListItem","position":1,"name":"Strona g\u0142\u00f3wna","item":"https:\/\/nominikasyno.com\/fi\/"},{"@type":"ListItem","position":2,"name":"Nomini FI"}]},{"@type":"WebSite","@id":"https:\/\/nominikasyno.com\/fi\/#website","url":"https:\/\/nominikasyno.com\/fi\/","name":"nominikasyno.com","description":"","publisher":{"@id":"https:\/\/nominikasyno.com\/fi\/#organization"},"potentialAction":[{"@type":"SearchAction","target":{"@type":"EntryPoint","urlTemplate":"https:\/\/nominikasyno.com\/fi\/?s={search_term_string}"},"query-input":{"@type":"PropertyValueSpecification","valueRequired":true,"valueName":"search_term_string"}}],"inLanguage":"pl"},{"@type":"Organization","@id":"https:\/\/nominikasyno.com\/fi\/#organization","name":"nominikasyno.com","url":"https:\/\/nominikasyno.com\/fi\/","logo":{"@type":"ImageObject","inLanguage":"pl","@id":"https:\/\/nominikasyno.com\/fi\/#\/schema\/logo\/image\/","url":"https:\/\/nominikasyno.com\/wp-content\/uploads\/2025\/02\/nomini-logo.png","contentUrl":"https:\/\/nominikasyno.com\/wp-content\/uploads\/2025\/02\/nomini-logo.png","width":1209,"height":405,"caption":"nominikasyno.com"},"image":{"@id":"https:\/\/nominikasyno.com\/fi\/#\/schema\/logo\/image\/"}}]}},"_links":{"self":[{"href":"https:\/\/nominikasyno.com\/fi\/wp-json\/wp\/v2\/pages\/153"}],"collection":[{"href":"https:\/\/nominikasyno.com\/fi\/wp-json\/wp\/v2\/pages"}],"about":[{"href":"https:\/\/nominikasyno.com\/fi\/wp-json\/wp\/v2\/types\/page"}],"author":[{"embeddable":true,"href":"https:\/\/nominikasyno.com\/fi\/wp-json\/wp\/v2\/users\/1"}],"replies":[{"embeddable":true,"href":"https:\/\/nominikasyno.com\/fi\/wp-json\/wp\/v2\/comments?post=153"}],"version-history":[{"count":2,"href":"https:\/\/nominikasyno.com\/fi\/wp-json\/wp\/v2\/pages\/153\/revisions"}],"predecessor-version":[{"id":229,"href":"https:\/\/nominikasyno.com\/fi\/wp-json\/wp\/v2\/pages\/153\/revisions\/229"}],"wp:attachment":[{"href":"https:\/\/nominikasyno.com\/fi\/wp-json\/wp\/v2\/media?parent=153"}],"curies":[{"name":"wp","href":"https:\/\/api.w.org\/{rel}","templated":true}]}}