{"id":211,"date":"2024-05-23T14:32:54","date_gmt":"2024-05-23T14:32:54","guid":{"rendered":"https:\/\/nominikasyno.com\/?page_id=211"},"modified":"2025-08-14T10:01:51","modified_gmt":"2025-08-14T10:01:51","slug":"nomini-hu","status":"publish","type":"page","link":"https:\/\/nominikasyno.com\/hu\/","title":{"rendered":"Nomini HU"},"content":{"rendered":"<h1>Nomini Casino Magyarorsz\u00e1g<\/h1>\n<p>A Nomini Casino egy n\u00e9pszer\u0171 online kaszin\u00f3 Magyarorsz\u00e1gon, amely 2019-ben indult. A weboldal hatalmas j\u00e1t\u00e9kk\u00f6nyvt\u00e1rral \u00e9s izgalmas b\u00f3nuszokkal rendelkezik, amelyeket a \u201eBonus Crab\u201d funkci\u00f3 is er\u0151s\u00edt. A Nomini Magyarorsz\u00e1g a legjobb szoftverszolg\u00e1ltat\u00f3kkal m\u0171k\u00f6dik egy\u00fctt, \u00edgy t\u00f6bb ezer magyar j\u00e1t\u00e9kost vonzott be.<\/p>\n<h2>Biztons\u00e1g Magyarorsz\u00e1gon \u00e9s felel\u0151ss\u00e9gteljes j\u00e1t\u00e9k<\/h2>\n<p>A Nomini egy teljesen biztons\u00e1gos online kaszin\u00f3, amely megb\u00edzhat\u00f3 fizet\u00e9si rendszereket \u00e9s SSL-titkos\u00edt\u00e1st alkalmaz a j\u00e1t\u00e9kosadatok v\u00e9delme \u00e9rdek\u00e9ben. A nemzetk\u00f6zi szab\u00e1lyoz\u00e1soknak val\u00f3 megfelel\u00e9s r\u00e9v\u00e9n \u00f6szt\u00f6nzi a felel\u0151s j\u00e1t\u00e9kot, \u00e9s seg\u00edti a j\u00e1t\u00e9kf\u00fcgg\u0151s\u00e9g megel\u0151z\u00e9s\u00e9t. El\u00e9rhet\u0151k befizet\u00e9si limitek, val\u00f3s\u00e1gellen\u0151rz\u00e9sek \u00e9s fi\u00f3kfelf\u00fcggeszt\u00e9si lehet\u0151s\u00e9gek is.<\/p>\n<h2>Ny\u00ader\u0151g\u00e9pes j\u00e1t\u00e9kok a Nomini Casin\u00f3ban<\/h2>\n<div class=\"slots-container\">\n<div class=\"slot\">\n<div><img decoding=\"async\" src=\"\/wp-content\/uploads\/2025\/02\/Sugar-Rush-1000.gif\" alt=\"Sugar Rush 1000\"><\/div>\n<div><a href=\"\/games\" rel=\"nofollow\" class=\"play-button\"><svg viewBox=\"0 0 24 24\"><polygon points=\"8,5 19,12 8,19\" fill=\"#a3124f\"\/><\/svg><\/a><\/div>\n<\/div>\n<div class=\"slot\">\n<div><img decoding=\"async\" src=\"\/wp-content\/uploads\/2025\/02\/Gonzos-Quest-Megaways.jpg\" alt=\"Gonzo\u2019s Quest Megaways\"><\/div>\n<div><a href=\"\/games\" rel=\"nofollow\" class=\"play-button\"><svg viewBox=\"0 0 24 24\"><polygon points=\"8,5 19,12 8,19\" fill=\"#a3124f\"\/><\/svg><\/a><\/div>\n<\/div>\n<div class=\"slot\">\n<div><img decoding=\"async\" src=\"\/wp-content\/uploads\/2025\/02\/HotTriple-Sevens.jpg\" alt=\"Hot Triple Sevens\"><\/div>\n<div><a href=\"\/games\" rel=\"nofollow\" class=\"play-button\"><svg viewBox=\"0 0 24 24\"><polygon points=\"8,5 19,12 8,19\" fill=\"#a3124f\"\/><\/svg><\/a><\/div>\n<\/div>\n<div class=\"slot\">\n<div><img decoding=\"async\" src=\"\/wp-content\/uploads\/2025\/02\/Zeus-vs-Hades-Gods-of-War.png\" alt=\"Zeus vs H\u00e1d\u00e9sz \u2013 Az istenek harca\"><\/div>\n<div><a href=\"\/games\" rel=\"nofollow\" class=\"play-button\"><svg viewBox=\"0 0 24 24\"><polygon points=\"8,5 19,12 8,19\" fill=\"#a3124f\"\/><\/svg><\/a><\/div>\n<\/div>\n<div class=\"slot\">\n<div><img decoding=\"async\" src=\"\/wp-content\/uploads\/2025\/02\/Wild-Spin.png\" alt=\"Wild Spin\"><\/div>\n<div><a href=\"\/games\" rel=\"nofollow\" class=\"play-button\"><svg viewBox=\"0 0 24 24\"><polygon points=\"8,5 19,12 8,19\" fill=\"#a3124f\"\/><\/svg><\/a><\/div>\n<\/div>\n<\/div>\n<p>A Nomini Casino legnagyobb el\u0151nye a nyer\u0151g\u00e9pek k\u00edn\u00e1lata. Olyan n\u00e9pszer\u0171 szolg\u00e1ltat\u00f3k j\u00e1t\u00e9kai tal\u00e1lhat\u00f3k meg itt, mint a Pragmatic Play, Octoplay, Novomatic \u00e9s a Play\u2019n GO.<\/p>\n<p>Ezek a fejleszt\u0151k olyan \u00e9lm\u00e9nyeket biztos\u00edtanak, mint a Gates of Olympus, Moon Princess Power of Love, Wolf Fang Ice and Fire \u00e9s m\u00e9g sok m\u00e1s tematikus j\u00e1t\u00e9k.<\/p>\n<p>Minden j\u00e1t\u00e9k el\u00e9rhet\u0151 dem\u00f3 m\u00f3dban is, \u00edgy kipr\u00f3b\u00e1lhatod \u0151ket ingyenesen, ha az eg\u00e9rkurzort f\u00f6l\u00e9 viszed, \u00e9s r\u00e1kattintasz a \u201eDemo\u201d gombra.<\/p>\n<h2>Klasszikus sz\u00f3rakoz\u00e1s \u00e9s \u00e9l\u0151 kaszin\u00f3 a Nominin\u00e9l<\/h2>\n<div class=\"slots-container\">\n<div class=\"slot\">\n<div><img decoding=\"async\" src=\"\/wp-content\/uploads\/2025\/02\/Crazy-Time.png\" alt=\"Crazy Time\"><\/div>\n<div><a href=\"\/games\" rel=\"nofollow\" class=\"play-button\"><svg viewBox=\"0 0 24 24\"><polygon points=\"8,5 19,12 8,19\" fill=\"#a3124f\"\/><\/svg><\/a><\/div>\n<\/div>\n<div class=\"slot\">\n<div><img decoding=\"async\" src=\"\/wp-content\/uploads\/2025\/02\/Live-Roulette-Azure.png\" alt=\"\u00c9l\u0151 Rulett Azure\"><\/div>\n<div><a href=\"\/games\" rel=\"nofollow\" class=\"play-button\"><svg viewBox=\"0 0 24 24\"><polygon points=\"8,5 19,12 8,19\" fill=\"#a3124f\"\/><\/svg><\/a><\/div>\n<\/div>\n<div class=\"slot\">\n<div><img decoding=\"async\" src=\"\/wp-content\/uploads\/2025\/02\/Football-Studio-Dice.png\" alt=\"Football Studio Dice\"><\/div>\n<div><a href=\"\/games\" rel=\"nofollow\" class=\"play-button\"><svg viewBox=\"0 0 24 24\"><polygon points=\"8,5 19,12 8,19\" fill=\"#a3124f\"\/><\/svg><\/a><\/div>\n<\/div>\n<div class=\"slot\">\n<div><img decoding=\"async\" src=\"\/wp-content\/uploads\/2025\/02\/Live-Speed-Baccarat.png\" alt=\"\u00c9l\u0151 Sebess\u00e9g Baccarat\"><\/div>\n<div><a href=\"\/games\" rel=\"nofollow\" class=\"play-button\"><svg viewBox=\"0 0 24 24\"><polygon points=\"8,5 19,12 8,19\" fill=\"#a3124f\"\/><\/svg><\/a><\/div>\n<\/div>\n<div class=\"slot\">\n<div><img decoding=\"async\" src=\"\/wp-content\/uploads\/2025\/02\/Las-Vegas-Roulette.png\" alt=\"Las Vegas Rulett\"><\/div>\n<div><a href=\"\/games\" rel=\"nofollow\" class=\"play-button\"><svg viewBox=\"0 0 24 24\"><polygon points=\"8,5 19,12 8,19\" fill=\"#a3124f\"\/><\/svg><\/a><\/div>\n<\/div>\n<\/div>\n<h2>Fizet\u00e9si m\u00f3dok \u00e9s kifizet\u00e9si id\u0151k<\/h2>\n<table>\n<thead>\n<tr>\n<th>Fizet\u00e9si m\u00f3d<\/th>\n<th>Befizet\u00e9s (HUF)<\/th>\n<th>Kifizet\u00e9s (HUF)<\/th>\n<th>Feldolgoz\u00e1s<\/th>\n<th>Kifizet\u00e9si id\u0151<\/th>\n<\/tr>\n<\/thead>\n<tbody>\n<tr>\n<td>Bankk\u00e1rtya<\/td>\n<td>2000 \u2013 500 000<\/td>\n<td>4000 \u2013 700 000<\/td>\n<td>Azonnali<\/td>\n<td>1\u20133 nap<\/td>\n<\/tr>\n<tr>\n<td>Skrill<\/td>\n<td>3000 \u2013 1 000 000<\/td>\n<td>6000 \u2013 800 000<\/td>\n<td>Azonnali<\/td>\n<td>1\u20133 nap<\/td>\n<\/tr>\n<tr>\n<td>Neteller<\/td>\n<td>3000 \u2013 800 000<\/td>\n<td>6000 \u2013 700 000<\/td>\n<td>Azonnali<\/td>\n<td>1\u20133 nap<\/td>\n<\/tr>\n<tr>\n<td>Kriptovaluta<\/td>\n<td>6000 \u2013 1 000 000<\/td>\n<td>10 000 \u2013 1 000 000<\/td>\n<td>Azonnali<\/td>\n<td>1\u20133 nap<\/td>\n<\/tr>\n<\/tbody>\n<\/table>\n<div><img loading=\"lazy\" decoding=\"async\" src=\"\/wp-content\/uploads\/2025\/02\/nomini-tournament.webp\" alt=\"nomini tournament\" width=\"1872\" height=\"210\" class=\"aligncenter size-full wp-image-23\" \/><\/div>\n<h2>Regisztr\u00e1lj a Nomini kaszin\u00f3ba \u00e9s v\u00e1lassz egy \u00e9des b\u00f3nuszt!<\/h2>\n<table>\n<tbody>\n<tr>\n<td>\ud83c\udf49 G\u00f6r\u00f6gdinnye<\/td>\n<td>3 ingyenes p\u00f6rget\u00e9s minden 1500 HUF befizet\u00e9s\u00e9rt<\/td>\n<\/tr>\n<tr>\n<td>\ud83c\udf4c Ban\u00e1n<\/td>\n<td>Ak\u00e1r 450 000 HUF b\u00f3nusz 3 befizet\u00e9sre<\/td>\n<\/tr>\n<tr>\n<td>\ud83e\udd66 Brokkoli<\/td>\n<td>100% sportfogad\u00e1si b\u00f3nusz 50 000 HUF-ig<\/td>\n<\/tr>\n<tr>\n<td>\ud83c\udf1f Karambola<\/td>\n<td>150% b\u00f3nusz 11 250 HUF-ig<\/td>\n<\/tr>\n<tr>\n<td>\u20bf Kript\u00f3 b\u00f3nusz<\/td>\n<td>Ak\u00e1r 100 mBTC + 100 ingyenes p\u00f6rget\u00e9s<\/td>\n<\/tr>\n<tr>\n<td>\ud83c\udf4b Lime<\/td>\n<td>50% b\u00f3nusz 450 000 HUF-ig<\/td>\n<\/tr>\n<tr>\n<td>\ud83c\udf53 Eper<\/td>\n<td>15% cashback \u00e9l\u0151 j\u00e1t\u00e9kokon<\/td>\n<\/tr>\n<tr>\n<td>\ud83c\udf52 Cseresznye<\/td>\n<td>100% b\u00f3nusz 225 000 HUF-ig + 200 p\u00f6rget\u00e9s<\/td>\n<\/tr>\n<\/tbody>\n<\/table>\n<p>Kattints a \u201cRegisztr\u00e1ci\u00f3\u201d gombra, add meg adataidat, majd l\u00e1togasd meg a \u201cProm\u00f3ci\u00f3k\u201d oldalt \u00e9s v\u00e1laszd ki a sz\u00e1modra megfelel\u0151 \u00fcdv\u00f6zl\u0151 b\u00f3nuszt. Legal\u00e1bb 4500 HUF befizet\u00e9se ut\u00e1n a b\u00f3nusz automatikusan j\u00f3v\u00e1\u00edr\u00e1sra ker\u00fcl a fi\u00f3kodra.<\/p>\n","protected":false},"excerpt":{"rendered":"<p>Nomini Casino Magyarorsz\u00e1g A Nomini Casino egy n\u00e9pszer\u0171 online kaszin\u00f3 Magyarorsz\u00e1gon, amely 2019-ben indult. A weboldal hatalmas j\u00e1t\u00e9kk\u00f6nyvt\u00e1rral \u00e9s izgalmas b\u00f3nuszokkal rendelkezik, amelyeket a \u201eBonus Crab\u201d funkci\u00f3 is er\u0151s\u00edt. A Nomini Magyarorsz\u00e1g a legjobb szoftverszolg\u00e1ltat\u00f3kkal m\u0171k\u00f6dik egy\u00fctt, \u00edgy t\u00f6bb ezer magyar j\u00e1t\u00e9kost vonzott be. Biztons\u00e1g Magyarorsz\u00e1gon \u00e9s felel\u0151ss\u00e9gteljes j\u00e1t\u00e9k A Nomini egy teljesen biztons\u00e1gos online [&hellip;]<\/p>\n","protected":false},"author":1,"featured_media":0,"parent":0,"menu_order":0,"comment_status":"closed","ping_status":"open","template":"","meta":{"footnotes":""},"yoast_head":"<!-- This site is optimized with the Yoast SEO plugin v24.5 - https:\/\/yoast.com\/wordpress\/plugins\/seo\/ -->\n<title>Nomini Casino \u25b7 A Nomini kaszin\u00f3 hivatalos oldala Magyarorsz\u00e1gon<\/title>\n<meta name=\"description\" content=\"J\u00e1tssz a legjobb nyer\u0151g\u00e9peken \u00e9s k\u00e1rtyaj\u00e1t\u00e9kokon a Nomini Casin\u00f3n\u00e1l. \u2b50 V\u00e1lassz 6 b\u00f3nusz k\u00f6z\u00fcl. Dem\u00f3, profi oszt\u00f3k, top szolg\u00e1ltat\u00f3k \u279e minden a Nomini HU!\" \/>\n<meta name=\"robots\" content=\"index, follow, max-snippet:-1, max-image-preview:large, max-video-preview:-1\" \/>\n<link rel=\"canonical\" href=\"https:\/\/nominikasyno.com\/hu\/\" \/>\n<meta property=\"og:locale\" content=\"pl_PL\" \/>\n<meta property=\"og:type\" content=\"article\" \/>\n<meta property=\"og:title\" content=\"Nomini Casino \u25b7 A Nomini kaszin\u00f3 hivatalos oldala Magyarorsz\u00e1gon\" \/>\n<meta property=\"og:description\" content=\"J\u00e1tssz a legjobb nyer\u0151g\u00e9peken \u00e9s k\u00e1rtyaj\u00e1t\u00e9kokon a Nomini Casin\u00f3n\u00e1l. \u2b50 V\u00e1lassz 6 b\u00f3nusz k\u00f6z\u00fcl. Dem\u00f3, profi oszt\u00f3k, top szolg\u00e1ltat\u00f3k \u279e minden a Nomini HU!\" \/>\n<meta property=\"og:url\" content=\"https:\/\/nominikasyno.com\/hu\/\" \/>\n<meta property=\"og:site_name\" content=\"nominikasyno.com\" \/>\n<meta property=\"article:modified_time\" content=\"2025-08-14T10:01:51+00:00\" \/>\n<meta name=\"twitter:card\" content=\"summary_large_image\" \/>\n<script type=\"application\/ld+json\" class=\"yoast-schema-graph\">{\"@context\":\"https:\/\/schema.org\",\"@graph\":[{\"@type\":\"WebPage\",\"@id\":\"https:\/\/nominikasyno.com\/hu\/\",\"url\":\"https:\/\/nominikasyno.com\/hu\/\",\"name\":\"Nomini Casino \u25b7 A Nomini kaszin\u00f3 hivatalos oldala Magyarorsz\u00e1gon\",\"isPartOf\":{\"@id\":\"https:\/\/nominikasyno.com\/hu\/#website\"},\"datePublished\":\"2024-05-23T14:32:54+00:00\",\"dateModified\":\"2025-08-14T10:01:51+00:00\",\"description\":\"J\u00e1tssz a legjobb nyer\u0151g\u00e9peken \u00e9s k\u00e1rtyaj\u00e1t\u00e9kokon a Nomini Casin\u00f3n\u00e1l. \u2b50 V\u00e1lassz 6 b\u00f3nusz k\u00f6z\u00fcl. Dem\u00f3, profi oszt\u00f3k, top szolg\u00e1ltat\u00f3k \u279e minden a Nomini HU!\",\"breadcrumb\":{\"@id\":\"https:\/\/nominikasyno.com\/hu\/#breadcrumb\"},\"inLanguage\":\"pl\",\"potentialAction\":[{\"@type\":\"ReadAction\",\"target\":[\"https:\/\/nominikasyno.com\/hu\/\"]}]},{\"@type\":\"BreadcrumbList\",\"@id\":\"https:\/\/nominikasyno.com\/hu\/#breadcrumb\",\"itemListElement\":[{\"@type\":\"ListItem\",\"position\":1,\"name\":\"Strona g\u0142\u00f3wna\",\"item\":\"https:\/\/nominikasyno.com\/hu\/\"},{\"@type\":\"ListItem\",\"position\":2,\"name\":\"Nomini HU\"}]},{\"@type\":\"WebSite\",\"@id\":\"https:\/\/nominikasyno.com\/hu\/#website\",\"url\":\"https:\/\/nominikasyno.com\/hu\/\",\"name\":\"nominikasyno.com\",\"description\":\"\",\"publisher\":{\"@id\":\"https:\/\/nominikasyno.com\/hu\/#organization\"},\"potentialAction\":[{\"@type\":\"SearchAction\",\"target\":{\"@type\":\"EntryPoint\",\"urlTemplate\":\"https:\/\/nominikasyno.com\/hu\/?s={search_term_string}\"},\"query-input\":{\"@type\":\"PropertyValueSpecification\",\"valueRequired\":true,\"valueName\":\"search_term_string\"}}],\"inLanguage\":\"pl\"},{\"@type\":\"Organization\",\"@id\":\"https:\/\/nominikasyno.com\/hu\/#organization\",\"name\":\"nominikasyno.com\",\"url\":\"https:\/\/nominikasyno.com\/hu\/\",\"logo\":{\"@type\":\"ImageObject\",\"inLanguage\":\"pl\",\"@id\":\"https:\/\/nominikasyno.com\/hu\/#\/schema\/logo\/image\/\",\"url\":\"https:\/\/nominikasyno.com\/wp-content\/uploads\/2025\/02\/nomini-logo.png\",\"contentUrl\":\"https:\/\/nominikasyno.com\/wp-content\/uploads\/2025\/02\/nomini-logo.png\",\"width\":1209,\"height\":405,\"caption\":\"nominikasyno.com\"},\"image\":{\"@id\":\"https:\/\/nominikasyno.com\/hu\/#\/schema\/logo\/image\/\"}}]}<\/script>\n<!-- \/ Yoast SEO plugin. -->","yoast_head_json":{"title":"Nomini Casino \u25b7 A Nomini kaszin\u00f3 hivatalos oldala Magyarorsz\u00e1gon","description":"J\u00e1tssz a legjobb nyer\u0151g\u00e9peken \u00e9s k\u00e1rtyaj\u00e1t\u00e9kokon a Nomini Casin\u00f3n\u00e1l. \u2b50 V\u00e1lassz 6 b\u00f3nusz k\u00f6z\u00fcl. Dem\u00f3, profi oszt\u00f3k, top szolg\u00e1ltat\u00f3k \u279e minden a Nomini HU!","robots":{"index":"index","follow":"follow","max-snippet":"max-snippet:-1","max-image-preview":"max-image-preview:large","max-video-preview":"max-video-preview:-1"},"canonical":"https:\/\/nominikasyno.com\/hu\/","og_locale":"pl_PL","og_type":"article","og_title":"Nomini Casino \u25b7 A Nomini kaszin\u00f3 hivatalos oldala Magyarorsz\u00e1gon","og_description":"J\u00e1tssz a legjobb nyer\u0151g\u00e9peken \u00e9s k\u00e1rtyaj\u00e1t\u00e9kokon a Nomini Casin\u00f3n\u00e1l. \u2b50 V\u00e1lassz 6 b\u00f3nusz k\u00f6z\u00fcl. Dem\u00f3, profi oszt\u00f3k, top szolg\u00e1ltat\u00f3k \u279e minden a Nomini HU!","og_url":"https:\/\/nominikasyno.com\/hu\/","og_site_name":"nominikasyno.com","article_modified_time":"2025-08-14T10:01:51+00:00","twitter_card":"summary_large_image","schema":{"@context":"https:\/\/schema.org","@graph":[{"@type":"WebPage","@id":"https:\/\/nominikasyno.com\/hu\/","url":"https:\/\/nominikasyno.com\/hu\/","name":"Nomini Casino \u25b7 A Nomini kaszin\u00f3 hivatalos oldala Magyarorsz\u00e1gon","isPartOf":{"@id":"https:\/\/nominikasyno.com\/hu\/#website"},"datePublished":"2024-05-23T14:32:54+00:00","dateModified":"2025-08-14T10:01:51+00:00","description":"J\u00e1tssz a legjobb nyer\u0151g\u00e9peken \u00e9s k\u00e1rtyaj\u00e1t\u00e9kokon a Nomini Casin\u00f3n\u00e1l. \u2b50 V\u00e1lassz 6 b\u00f3nusz k\u00f6z\u00fcl. Dem\u00f3, profi oszt\u00f3k, top szolg\u00e1ltat\u00f3k \u279e minden a Nomini HU!","breadcrumb":{"@id":"https:\/\/nominikasyno.com\/hu\/#breadcrumb"},"inLanguage":"pl","potentialAction":[{"@type":"ReadAction","target":["https:\/\/nominikasyno.com\/hu\/"]}]},{"@type":"BreadcrumbList","@id":"https:\/\/nominikasyno.com\/hu\/#breadcrumb","itemListElement":[{"@type":"ListItem","position":1,"name":"Strona g\u0142\u00f3wna","item":"https:\/\/nominikasyno.com\/hu\/"},{"@type":"ListItem","position":2,"name":"Nomini HU"}]},{"@type":"WebSite","@id":"https:\/\/nominikasyno.com\/hu\/#website","url":"https:\/\/nominikasyno.com\/hu\/","name":"nominikasyno.com","description":"","publisher":{"@id":"https:\/\/nominikasyno.com\/hu\/#organization"},"potentialAction":[{"@type":"SearchAction","target":{"@type":"EntryPoint","urlTemplate":"https:\/\/nominikasyno.com\/hu\/?s={search_term_string}"},"query-input":{"@type":"PropertyValueSpecification","valueRequired":true,"valueName":"search_term_string"}}],"inLanguage":"pl"},{"@type":"Organization","@id":"https:\/\/nominikasyno.com\/hu\/#organization","name":"nominikasyno.com","url":"https:\/\/nominikasyno.com\/hu\/","logo":{"@type":"ImageObject","inLanguage":"pl","@id":"https:\/\/nominikasyno.com\/hu\/#\/schema\/logo\/image\/","url":"https:\/\/nominikasyno.com\/wp-content\/uploads\/2025\/02\/nomini-logo.png","contentUrl":"https:\/\/nominikasyno.com\/wp-content\/uploads\/2025\/02\/nomini-logo.png","width":1209,"height":405,"caption":"nominikasyno.com"},"image":{"@id":"https:\/\/nominikasyno.com\/hu\/#\/schema\/logo\/image\/"}}]}},"_links":{"self":[{"href":"https:\/\/nominikasyno.com\/hu\/wp-json\/wp\/v2\/pages\/211"}],"collection":[{"href":"https:\/\/nominikasyno.com\/hu\/wp-json\/wp\/v2\/pages"}],"about":[{"href":"https:\/\/nominikasyno.com\/hu\/wp-json\/wp\/v2\/types\/page"}],"author":[{"embeddable":true,"href":"https:\/\/nominikasyno.com\/hu\/wp-json\/wp\/v2\/users\/1"}],"replies":[{"embeddable":true,"href":"https:\/\/nominikasyno.com\/hu\/wp-json\/wp\/v2\/comments?post=211"}],"version-history":[{"count":1,"href":"https:\/\/nominikasyno.com\/hu\/wp-json\/wp\/v2\/pages\/211\/revisions"}],"predecessor-version":[{"id":212,"href":"https:\/\/nominikasyno.com\/hu\/wp-json\/wp\/v2\/pages\/211\/revisions\/212"}],"wp:attachment":[{"href":"https:\/\/nominikasyno.com\/hu\/wp-json\/wp\/v2\/media?parent=211"}],"curies":[{"name":"wp","href":"https:\/\/api.w.org\/{rel}","templated":true}]}}