{"id":215,"date":"2025-08-14T10:13:12","date_gmt":"2025-08-14T10:13:12","guid":{"rendered":"https:\/\/nominikasyno.com\/?page_id=215"},"modified":"2025-08-14T10:13:12","modified_gmt":"2025-08-14T10:13:12","slug":"nomini-no","status":"publish","type":"page","link":"https:\/\/nominikasyno.com\/no\/","title":{"rendered":"Nomini NO"},"content":{"rendered":"<h1>Nomini Casino Norge<\/h1>\n<p>Nomini Casino er et popul\u00e6rt nettkasino i Norge som ble lansert i 2019. Plattformen tilbyr et stort bibliotek med spill og spennende bonuser, forsterket av &laquo;Bonus Crab&raquo;-funksjonen. Nomini samarbeider med noen av de beste leverand\u00f8rene i bransjen, og har tiltrukket seg tusenvis av norske spillere.<\/p>\n<h2>Sikkerhet i Norge og ansvarlig spilling<\/h2>\n<p>Nomini er et trygt og lisensiert nettkasino. Det bruker SSL-kryptering og p\u00e5litelige betalingssystemer for \u00e5 beskytte brukerdata. Nettstedet overholder internasjonale retningslinjer som fremmer ansvarlig spilling. Du kan sette innskuddsgrenser, aktivere realitetsvarsler eller midlertidig stenge kontoen din.<\/p>\n<h2>Spilleautomater p\u00e5 Nomini Casino<\/h2>\n<div class=\"slots-container\">\n<div class=\"slot\">\n<div><img decoding=\"async\" src=\"\/wp-content\/uploads\/2025\/02\/Sugar-Rush-1000.gif\" alt=\"Sugar Rush 1000\"><\/div>\n<div><a href=\"\/games\" rel=\"nofollow\" class=\"play-button\"><svg viewBox=\"0 0 24 24\"><polygon points=\"8,5 19,12 8,19\" fill=\"#a3124f\"\/><\/svg><\/a><\/div>\n<\/div>\n<div class=\"slot\">\n<div><img decoding=\"async\" src=\"\/wp-content\/uploads\/2025\/02\/Gonzos-Quest-Megaways.jpg\" alt=\"Gonzo\u2019s Quest Megaways\"><\/div>\n<div><a href=\"\/games\" rel=\"nofollow\" class=\"play-button\"><svg viewBox=\"0 0 24 24\"><polygon points=\"8,5 19,12 8,19\" fill=\"#a3124f\"\/><\/svg><\/a><\/div>\n<\/div>\n<div class=\"slot\">\n<div><img decoding=\"async\" src=\"\/wp-content\/uploads\/2025\/02\/HotTriple-Sevens.jpg\" alt=\"Hot Triple Sevens\"><\/div>\n<div><a href=\"\/games\" rel=\"nofollow\" class=\"play-button\"><svg viewBox=\"0 0 24 24\"><polygon points=\"8,5 19,12 8,19\" fill=\"#a3124f\"\/><\/svg><\/a><\/div>\n<\/div>\n<div class=\"slot\">\n<div><img decoding=\"async\" src=\"\/wp-content\/uploads\/2025\/02\/Zeus-vs-Hades-Gods-of-War.png\" alt=\"Zeus vs Hades \u2013 Gudenes krig\"><\/div>\n<div><a href=\"\/games\" rel=\"nofollow\" class=\"play-button\"><svg viewBox=\"0 0 24 24\"><polygon points=\"8,5 19,12 8,19\" fill=\"#a3124f\"\/><\/svg><\/a><\/div>\n<\/div>\n<div class=\"slot\">\n<div><img decoding=\"async\" src=\"\/wp-content\/uploads\/2025\/02\/Wild-Spin.png\" alt=\"Wild Spin\"><\/div>\n<div><a href=\"\/games\" rel=\"nofollow\" class=\"play-button\"><svg viewBox=\"0 0 24 24\"><polygon points=\"8,5 19,12 8,19\" fill=\"#a3124f\"\/><\/svg><\/a><\/div>\n<\/div>\n<\/div>\n<p>Nomini tilbyr en omfattende samling spilleautomater fra kjente leverand\u00f8rer som Pragmatic Play, Octoplay, Novomatic og Play\u2019n GO. Du finner favoritter som Gates of Olympus, Moon Princess Power of Love, Wolf Fang Ice and Fire og mange flere.<\/p>\n<p>Alle spill kan testes gratis i demomodus \u2013 hold mark\u00f8ren over spillet og klikk p\u00e5 \u201cDemo\u201d.<\/p>\n<h2>Klassiske spill og live casino hos Nomini<\/h2>\n<div class=\"slots-container\">\n<div class=\"slot\">\n<div><img decoding=\"async\" src=\"\/wp-content\/uploads\/2025\/02\/Crazy-Time.png\" alt=\"Crazy Time\"><\/div>\n<div><a href=\"\/games\" rel=\"nofollow\" class=\"play-button\"><svg viewBox=\"0 0 24 24\"><polygon points=\"8,5 19,12 8,19\" fill=\"#a3124f\"\/><\/svg><\/a><\/div>\n<\/div>\n<div class=\"slot\">\n<div><img decoding=\"async\" src=\"\/wp-content\/uploads\/2025\/02\/Live-Roulette-Azure.png\" alt=\"Live Roulette Azure\"><\/div>\n<div><a href=\"\/games\" rel=\"nofollow\" class=\"play-button\"><svg viewBox=\"0 0 24 24\"><polygon points=\"8,5 19,12 8,19\" fill=\"#a3124f\"\/><\/svg><\/a><\/div>\n<\/div>\n<div class=\"slot\">\n<div><img decoding=\"async\" src=\"\/wp-content\/uploads\/2025\/02\/Football-Studio-Dice.png\" alt=\"Football Studio Dice\"><\/div>\n<div><a href=\"\/games\" rel=\"nofollow\" class=\"play-button\"><svg viewBox=\"0 0 24 24\"><polygon points=\"8,5 19,12 8,19\" fill=\"#a3124f\"\/><\/svg><\/a><\/div>\n<\/div>\n<div class=\"slot\">\n<div><img decoding=\"async\" src=\"\/wp-content\/uploads\/2025\/02\/Live-Speed-Baccarat.png\" alt=\"Live Speed Baccarat\"><\/div>\n<div><a href=\"\/games\" rel=\"nofollow\" class=\"play-button\"><svg viewBox=\"0 0 24 24\"><polygon points=\"8,5 19,12 8,19\" fill=\"#a3124f\"\/><\/svg><\/a><\/div>\n<\/div>\n<div class=\"slot\">\n<div><img decoding=\"async\" src=\"\/wp-content\/uploads\/2025\/02\/Las-Vegas-Roulette.png\" alt=\"Las Vegas Roulette\"><\/div>\n<div><a href=\"\/games\" rel=\"nofollow\" class=\"play-button\"><svg viewBox=\"0 0 24 24\"><polygon points=\"8,5 19,12 8,19\" fill=\"#a3124f\"\/><\/svg><\/a><\/div>\n<\/div>\n<\/div>\n<h2>Betalingsmetoder og uttakstider<\/h2>\n<table>\n<thead>\n<tr>\n<th>Betalingsmetode<\/th>\n<th>Innskudd (NOK)<\/th>\n<th>Uttak (NOK)<\/th>\n<th>Behandling<\/th>\n<th>Uttakstid<\/th>\n<\/tr>\n<\/thead>\n<tbody>\n<tr>\n<td>Kort (Visa\/Mastercard)<\/td>\n<td>100 \u2013 50 000<\/td>\n<td>200 \u2013 70 000<\/td>\n<td>Umiddelbart<\/td>\n<td>1\u20133 dager<\/td>\n<\/tr>\n<tr>\n<td>Skrill<\/td>\n<td>150 \u2013 100 000<\/td>\n<td>300 \u2013 80 000<\/td>\n<td>Umiddelbart<\/td>\n<td>1\u20133 dager<\/td>\n<\/tr>\n<tr>\n<td>Neteller<\/td>\n<td>150 \u2013 80 000<\/td>\n<td>300 \u2013 70 000<\/td>\n<td>Umiddelbart<\/td>\n<td>1\u20133 dager<\/td>\n<\/tr>\n<tr>\n<td>Krypto<\/td>\n<td>200 \u2013 100 000<\/td>\n<td>500 \u2013 100 000<\/td>\n<td>Umiddelbart<\/td>\n<td>1\u20133 dager<\/td>\n<\/tr>\n<\/tbody>\n<\/table>\n<div><img loading=\"lazy\" decoding=\"async\" src=\"\/wp-content\/uploads\/2025\/02\/nomini-tournament.webp\" alt=\"nomini tournament\" width=\"1872\" height=\"210\" class=\"aligncenter size-full wp-image-23\" \/><\/div>\n<h2>Registrer deg p\u00e5 Nomini og f\u00e5 en s\u00f8t bonus!<\/h2>\n<table>\n<tbody>\n<tr>\n<td>\ud83c\udf49 Vannmelon<\/td>\n<td>3 gratisspinn per 50 NOK innskudd<\/td>\n<\/tr>\n<tr>\n<td>\ud83c\udf4c Banan<\/td>\n<td>Opptil 50 000 NOK i bonus over 3 innskudd<\/td>\n<\/tr>\n<tr>\n<td>\ud83e\udd66 Brokkoli<\/td>\n<td>100 % sportsbonus opptil 5000 NOK<\/td>\n<\/tr>\n<tr>\n<td>\ud83c\udf1f Stjernefrukt<\/td>\n<td>150 % bonus opptil 750 NOK<\/td>\n<\/tr>\n<tr>\n<td>\u20bf Kryptobonus<\/td>\n<td>Opptil 100 mBTC + 100 gratisspinn<\/td>\n<\/tr>\n<tr>\n<td>\ud83c\udf4b Lime<\/td>\n<td>50 % bonus opptil 50 000 NOK<\/td>\n<\/tr>\n<tr>\n<td>\ud83c\udf53 Jordb\u00e6r<\/td>\n<td>15 % cashback p\u00e5 live casino<\/td>\n<\/tr>\n<tr>\n<td>\ud83c\udf52 Kirseb\u00e6r<\/td>\n<td>100 % bonus opptil 25 000 NOK + 200 gratisspinn<\/td>\n<\/tr>\n<\/tbody>\n<\/table>\n<p>For \u00e5 aktivere bonusen, klikk p\u00e5 \u201cRegistrer deg\u201d, fyll inn opplysningene dine, g\u00e5 til \u201cKampanjer\u201d og velg velkomstbonusen. Gj\u00f8r et minimumsinnskudd p\u00e5 200 NOK, s\u00e5 aktiveres bonusen automatisk.<\/p>\n","protected":false},"excerpt":{"rendered":"<p>Nomini Casino Norge Nomini Casino er et popul\u00e6rt nettkasino i Norge som ble lansert i 2019. Plattformen tilbyr et stort bibliotek med spill og spennende bonuser, forsterket av &laquo;Bonus Crab&raquo;-funksjonen. Nomini samarbeider med noen av de beste leverand\u00f8rene i bransjen, og har tiltrukket seg tusenvis av norske spillere. Sikkerhet i Norge og ansvarlig spilling Nomini [&hellip;]<\/p>\n","protected":false},"author":1,"featured_media":0,"parent":0,"menu_order":0,"comment_status":"closed","ping_status":"open","template":"","meta":{"footnotes":""},"yoast_head":"<!-- This site is optimized with the Yoast SEO plugin v24.5 - https:\/\/yoast.com\/wordpress\/plugins\/seo\/ -->\n<title>Nomini Casino \u25b7 Den offisielle nettsiden til Nomini Casino i Norge<\/title>\n<meta name=\"description\" content=\"Spill de beste spilleautomatene og kortspillene hos Nomini Casino. \u2b50 Velg blant 6 bonuser. Demo, profesjonelle dealere, toppleverand\u00f8rer \u279e alt p\u00e5 Nomini NO!\" \/>\n<meta name=\"robots\" content=\"index, follow, max-snippet:-1, max-image-preview:large, max-video-preview:-1\" \/>\n<link rel=\"canonical\" href=\"https:\/\/nominikasyno.com\/no\/\" \/>\n<meta property=\"og:locale\" content=\"pl_PL\" \/>\n<meta property=\"og:type\" content=\"article\" \/>\n<meta property=\"og:title\" content=\"Nomini Casino \u25b7 Den offisielle nettsiden til Nomini Casino i Norge\" \/>\n<meta property=\"og:description\" content=\"Spill de beste spilleautomatene og kortspillene hos Nomini Casino. \u2b50 Velg blant 6 bonuser. Demo, profesjonelle dealere, toppleverand\u00f8rer \u279e alt p\u00e5 Nomini NO!\" \/>\n<meta property=\"og:url\" content=\"https:\/\/nominikasyno.com\/no\/\" \/>\n<meta property=\"og:site_name\" content=\"nominikasyno.com\" \/>\n<meta name=\"twitter:card\" content=\"summary_large_image\" \/>\n<script type=\"application\/ld+json\" class=\"yoast-schema-graph\">{\"@context\":\"https:\/\/schema.org\",\"@graph\":[{\"@type\":\"WebPage\",\"@id\":\"https:\/\/nominikasyno.com\/no\/\",\"url\":\"https:\/\/nominikasyno.com\/no\/\",\"name\":\"Nomini Casino \u25b7 Den offisielle nettsiden til Nomini Casino i Norge\",\"isPartOf\":{\"@id\":\"https:\/\/nominikasyno.com\/no\/#website\"},\"datePublished\":\"2025-08-14T10:13:12+00:00\",\"description\":\"Spill de beste spilleautomatene og kortspillene hos Nomini Casino. \u2b50 Velg blant 6 bonuser. Demo, profesjonelle dealere, toppleverand\u00f8rer \u279e alt p\u00e5 Nomini NO!\",\"breadcrumb\":{\"@id\":\"https:\/\/nominikasyno.com\/no\/#breadcrumb\"},\"inLanguage\":\"pl\",\"potentialAction\":[{\"@type\":\"ReadAction\",\"target\":[\"https:\/\/nominikasyno.com\/no\/\"]}]},{\"@type\":\"BreadcrumbList\",\"@id\":\"https:\/\/nominikasyno.com\/no\/#breadcrumb\",\"itemListElement\":[{\"@type\":\"ListItem\",\"position\":1,\"name\":\"Strona g\u0142\u00f3wna\",\"item\":\"https:\/\/nominikasyno.com\/no\/\"},{\"@type\":\"ListItem\",\"position\":2,\"name\":\"Nomini NO\"}]},{\"@type\":\"WebSite\",\"@id\":\"https:\/\/nominikasyno.com\/no\/#website\",\"url\":\"https:\/\/nominikasyno.com\/no\/\",\"name\":\"nominikasyno.com\",\"description\":\"\",\"publisher\":{\"@id\":\"https:\/\/nominikasyno.com\/no\/#organization\"},\"potentialAction\":[{\"@type\":\"SearchAction\",\"target\":{\"@type\":\"EntryPoint\",\"urlTemplate\":\"https:\/\/nominikasyno.com\/no\/?s={search_term_string}\"},\"query-input\":{\"@type\":\"PropertyValueSpecification\",\"valueRequired\":true,\"valueName\":\"search_term_string\"}}],\"inLanguage\":\"pl\"},{\"@type\":\"Organization\",\"@id\":\"https:\/\/nominikasyno.com\/no\/#organization\",\"name\":\"nominikasyno.com\",\"url\":\"https:\/\/nominikasyno.com\/no\/\",\"logo\":{\"@type\":\"ImageObject\",\"inLanguage\":\"pl\",\"@id\":\"https:\/\/nominikasyno.com\/no\/#\/schema\/logo\/image\/\",\"url\":\"https:\/\/nominikasyno.com\/wp-content\/uploads\/2025\/02\/nomini-logo.png\",\"contentUrl\":\"https:\/\/nominikasyno.com\/wp-content\/uploads\/2025\/02\/nomini-logo.png\",\"width\":1209,\"height\":405,\"caption\":\"nominikasyno.com\"},\"image\":{\"@id\":\"https:\/\/nominikasyno.com\/no\/#\/schema\/logo\/image\/\"}}]}<\/script>\n<!-- \/ Yoast SEO plugin. -->","yoast_head_json":{"title":"Nomini Casino \u25b7 Den offisielle nettsiden til Nomini Casino i Norge","description":"Spill de beste spilleautomatene og kortspillene hos Nomini Casino. \u2b50 Velg blant 6 bonuser. Demo, profesjonelle dealere, toppleverand\u00f8rer \u279e alt p\u00e5 Nomini NO!","robots":{"index":"index","follow":"follow","max-snippet":"max-snippet:-1","max-image-preview":"max-image-preview:large","max-video-preview":"max-video-preview:-1"},"canonical":"https:\/\/nominikasyno.com\/no\/","og_locale":"pl_PL","og_type":"article","og_title":"Nomini Casino \u25b7 Den offisielle nettsiden til Nomini Casino i Norge","og_description":"Spill de beste spilleautomatene og kortspillene hos Nomini Casino. \u2b50 Velg blant 6 bonuser. Demo, profesjonelle dealere, toppleverand\u00f8rer \u279e alt p\u00e5 Nomini NO!","og_url":"https:\/\/nominikasyno.com\/no\/","og_site_name":"nominikasyno.com","twitter_card":"summary_large_image","schema":{"@context":"https:\/\/schema.org","@graph":[{"@type":"WebPage","@id":"https:\/\/nominikasyno.com\/no\/","url":"https:\/\/nominikasyno.com\/no\/","name":"Nomini Casino \u25b7 Den offisielle nettsiden til Nomini Casino i Norge","isPartOf":{"@id":"https:\/\/nominikasyno.com\/no\/#website"},"datePublished":"2025-08-14T10:13:12+00:00","description":"Spill de beste spilleautomatene og kortspillene hos Nomini Casino. \u2b50 Velg blant 6 bonuser. Demo, profesjonelle dealere, toppleverand\u00f8rer \u279e alt p\u00e5 Nomini NO!","breadcrumb":{"@id":"https:\/\/nominikasyno.com\/no\/#breadcrumb"},"inLanguage":"pl","potentialAction":[{"@type":"ReadAction","target":["https:\/\/nominikasyno.com\/no\/"]}]},{"@type":"BreadcrumbList","@id":"https:\/\/nominikasyno.com\/no\/#breadcrumb","itemListElement":[{"@type":"ListItem","position":1,"name":"Strona g\u0142\u00f3wna","item":"https:\/\/nominikasyno.com\/no\/"},{"@type":"ListItem","position":2,"name":"Nomini NO"}]},{"@type":"WebSite","@id":"https:\/\/nominikasyno.com\/no\/#website","url":"https:\/\/nominikasyno.com\/no\/","name":"nominikasyno.com","description":"","publisher":{"@id":"https:\/\/nominikasyno.com\/no\/#organization"},"potentialAction":[{"@type":"SearchAction","target":{"@type":"EntryPoint","urlTemplate":"https:\/\/nominikasyno.com\/no\/?s={search_term_string}"},"query-input":{"@type":"PropertyValueSpecification","valueRequired":true,"valueName":"search_term_string"}}],"inLanguage":"pl"},{"@type":"Organization","@id":"https:\/\/nominikasyno.com\/no\/#organization","name":"nominikasyno.com","url":"https:\/\/nominikasyno.com\/no\/","logo":{"@type":"ImageObject","inLanguage":"pl","@id":"https:\/\/nominikasyno.com\/no\/#\/schema\/logo\/image\/","url":"https:\/\/nominikasyno.com\/wp-content\/uploads\/2025\/02\/nomini-logo.png","contentUrl":"https:\/\/nominikasyno.com\/wp-content\/uploads\/2025\/02\/nomini-logo.png","width":1209,"height":405,"caption":"nominikasyno.com"},"image":{"@id":"https:\/\/nominikasyno.com\/no\/#\/schema\/logo\/image\/"}}]}},"_links":{"self":[{"href":"https:\/\/nominikasyno.com\/no\/wp-json\/wp\/v2\/pages\/215"}],"collection":[{"href":"https:\/\/nominikasyno.com\/no\/wp-json\/wp\/v2\/pages"}],"about":[{"href":"https:\/\/nominikasyno.com\/no\/wp-json\/wp\/v2\/types\/page"}],"author":[{"embeddable":true,"href":"https:\/\/nominikasyno.com\/no\/wp-json\/wp\/v2\/users\/1"}],"replies":[{"embeddable":true,"href":"https:\/\/nominikasyno.com\/no\/wp-json\/wp\/v2\/comments?post=215"}],"version-history":[{"count":1,"href":"https:\/\/nominikasyno.com\/no\/wp-json\/wp\/v2\/pages\/215\/revisions"}],"predecessor-version":[{"id":216,"href":"https:\/\/nominikasyno.com\/no\/wp-json\/wp\/v2\/pages\/215\/revisions\/216"}],"wp:attachment":[{"href":"https:\/\/nominikasyno.com\/no\/wp-json\/wp\/v2\/media?parent=215"}],"curies":[{"name":"wp","href":"https:\/\/api.w.org\/{rel}","templated":true}]}}