{"id":225,"date":"2025-08-14T11:49:28","date_gmt":"2025-08-14T11:49:28","guid":{"rendered":"https:\/\/nominikasyno.com\/?page_id=225"},"modified":"2025-08-14T11:49:28","modified_gmt":"2025-08-14T11:49:28","slug":"nomini-sk","status":"publish","type":"page","link":"https:\/\/nominikasyno.com\/sk\/","title":{"rendered":"Nomini SK"},"content":{"rendered":"<h1>Nomini Casino Slovensko<\/h1>\n<p>Nomini Casino je popul\u00e1rne online kas\u00edno na Slovensku, spusten\u00e9 v roku 2019. Str\u00e1nka pon\u00faka rozsiahlu kni\u017enicu hier a atrakt\u00edvne bonusy, posilnen\u00e9 funkciou \u201eBonus Crab\u201c. Nomini Slovensko spolupracuje s popredn\u00fdmi poskytovate\u013emi, v\u010faka \u010domu pril\u00e1kalo tis\u00edce slovensk\u00fdch hr\u00e1\u010dov.<\/p>\n<h2>Bezpe\u010dnos\u0165 na Slovensku a zodpovedn\u00e9 hranie<\/h2>\n<p>Nomini je \u00faplne bezpe\u010dn\u00e9 online kas\u00edno, ktor\u00e9 chr\u00e1ni \u00fadaje hr\u00e1\u010dov pomocou overen\u00fdch platobn\u00fdch syst\u00e9mov a SSL \u0161ifrovania. Dodr\u017eiavanie medzin\u00e1rodn\u00fdch noriem podporuje ochranu pred vznikom z\u00e1vislosti od hazardu. K dispoz\u00edcii s\u00fa limity vkladov, kontroly reality a do\u010dasn\u00e9 pozastavenie \u00fa\u010dtu.<\/p>\n<h2>Kni\u017enica automatov v kas\u00edne Nomini<\/h2>\n<div class=\"slots-container\">\n<div class=\"slot\">\n<div><img decoding=\"async\" src=\"\/wp-content\/uploads\/2025\/02\/Sugar-Rush-1000.gif\" alt=\"Sugar Rush 1000\"><\/div>\n<div><a href=\"\/games\" rel=\"nofollow\" class=\"play-button\"><svg viewBox=\"0 0 24 24\"><polygon points=\"8,5 19,12 8,19\" fill=\"#a3124f\"\/><\/svg><\/a><\/div>\n<\/p><\/div>\n<div class=\"slot\">\n<div><img decoding=\"async\" src=\"\/wp-content\/uploads\/2025\/02\/Gonzos-Quest-Megaways.jpg\" alt=\"Gonzo\u2019s Quest Megaways\"><\/div>\n<div><a href=\"\/games\" rel=\"nofollow\" class=\"play-button\"><svg viewBox=\"0 0 24 24\"><polygon points=\"8,5 19,12 8,19\" fill=\"#a3124f\"\/><\/svg><\/a><\/div>\n<\/p><\/div>\n<div class=\"slot\">\n<div><img decoding=\"async\" src=\"\/wp-content\/uploads\/2025\/02\/HotTriple-Sevens.jpg\" alt=\"Hot Triple Sevens\"><\/div>\n<div><a href=\"\/games\" rel=\"nofollow\" class=\"play-button\"><svg viewBox=\"0 0 24 24\"><polygon points=\"8,5 19,12 8,19\" fill=\"#a3124f\"\/><\/svg><\/a><\/div>\n<\/p><\/div>\n<div class=\"slot\">\n<div><img decoding=\"async\" src=\"\/wp-content\/uploads\/2025\/02\/Zeus-vs-Hades-Gods-of-War.png\" alt=\"Zeus vs Hades \u2013 Bohovia vojny\"><\/div>\n<div><a href=\"\/games\" rel=\"nofollow\" class=\"play-button\"><svg viewBox=\"0 0 24 24\"><polygon points=\"8,5 19,12 8,19\" fill=\"#a3124f\"\/><\/svg><\/a><\/div>\n<\/p><\/div>\n<div class=\"slot\">\n<div><img decoding=\"async\" src=\"\/wp-content\/uploads\/2025\/02\/Wild-Spin.png\" alt=\"Wild Spin\"><\/div>\n<div><a href=\"\/games\" rel=\"nofollow\" class=\"play-button\"><svg viewBox=\"0 0 24 24\"><polygon points=\"8,5 19,12 8,19\" fill=\"#a3124f\"\/><\/svg><\/a><\/div>\n<\/p><\/div>\n<\/div>\n<p>Najsilnej\u0161ou str\u00e1nkou kas\u00edna Nomini je ponuka automatov od zn\u00e1mych poskytovate\u013eov, ako s\u00fa Pragmatic Play, Octoplay, Novomatic a Play\u2019n GO.<\/p>\n<p>V spolupr\u00e1ci s Nominim prin\u00e1\u0161aj\u00fa v\u00fdborn\u00fd hern\u00fd z\u00e1\u017eitok v tituloch, ako s\u00fa Gates of Olympus, Moon Princess Power of Love, Wolf Fang Ice and Fire a \u010fal\u0161\u00edch.<\/p>\n<p>Ka\u017ed\u00fd slot je dostupn\u00fd v bezplatnom demo re\u017eime. Presu\u0148te kurzor na hru a kliknite na \u201eDemo\u201c, aby ste si ju bezplatne vysk\u00fa\u0161ali.<\/p>\n<h2>Klasick\u00e1 z\u00e1bava a live kas\u00edno od Nomini<\/h2>\n<div class=\"slots-container\">\n<div class=\"slot\">\n<div><img decoding=\"async\" src=\"\/wp-content\/uploads\/2025\/02\/Crazy-Time.png\" alt=\"Crazy Time\"><\/div>\n<div><a href=\"\/games\" rel=\"nofollow\" class=\"play-button\"><svg viewBox=\"0 0 24 24\"><polygon points=\"8,5 19,12 8,19\" fill=\"#a3124f\"\/><\/svg><\/a><\/div>\n<\/p><\/div>\n<div class=\"slot\">\n<div><img decoding=\"async\" src=\"\/wp-content\/uploads\/2025\/02\/Live-Roulette-Azure.png\" alt=\"Live Ruleta Azure\"><\/div>\n<div><a href=\"\/games\" rel=\"nofollow\" class=\"play-button\"><svg viewBox=\"0 0 24 24\"><polygon points=\"8,5 19,12 8,19\" fill=\"#a3124f\"\/><\/svg><\/a><\/div>\n<\/p><\/div>\n<div class=\"slot\">\n<div><img decoding=\"async\" src=\"\/wp-content\/uploads\/2025\/02\/Football-Studio-Dice.png\" alt=\"Football Studio Dice\"><\/div>\n<div><a href=\"\/games\" rel=\"nofollow\" class=\"play-button\"><svg viewBox=\"0 0 24 24\"><polygon points=\"8,5 19,12 8,19\" fill=\"#a3124f\"\/><\/svg><\/a><\/div>\n<\/p><\/div>\n<div class=\"slot\">\n<div><img decoding=\"async\" src=\"\/wp-content\/uploads\/2025\/02\/Live-Speed-Baccarat.png\" alt=\"Live Speed Baccarat\"><\/div>\n<div><a href=\"\/games\" rel=\"nofollow\" class=\"play-button\"><svg viewBox=\"0 0 24 24\"><polygon points=\"8,5 19,12 8,19\" fill=\"#a3124f\"\/><\/svg><\/a><\/div>\n<\/p><\/div>\n<div class=\"slot\">\n<div><img decoding=\"async\" src=\"\/wp-content\/uploads\/2025\/02\/Las-Vegas-Roulette.png\" alt=\"Las Vegas Ruleta\"><\/div>\n<div><a href=\"\/games\" rel=\"nofollow\" class=\"play-button\"><svg viewBox=\"0 0 24 24\"><polygon points=\"8,5 19,12 8,19\" fill=\"#a3124f\"\/><\/svg><\/a><\/div>\n<\/p><\/div>\n<\/div>\n<h2>Platobn\u00e9 met\u00f3dy a \u010dasy v\u00fdberu<\/h2>\n<table>\n<thead>\n<tr>\n<th>Platobn\u00e1 met\u00f3da<\/th>\n<th>Vklad (\u20ac)<\/th>\n<th>V\u00fdber (\u20ac)<\/th>\n<th>Spracovanie<\/th>\n<th>\u010cas v\u00fdberu<\/th>\n<\/tr>\n<\/thead>\n<tbody>\n<tr>\n<td>Kreditn\u00e1\/debetn\u00e1 karta<\/td>\n<td>10 \u2013 5000<\/td>\n<td>20 \u2013 7000<\/td>\n<td>Ihne\u010f<\/td>\n<td>1 \u2013 3 dni<\/td>\n<\/tr>\n<tr>\n<td>Skrill<\/td>\n<td>15 \u2013 10000<\/td>\n<td>30 \u2013 8000<\/td>\n<td>Ihne\u010f<\/td>\n<td>1 \u2013 3 dni<\/td>\n<\/tr>\n<tr>\n<td>Neteller<\/td>\n<td>15 \u2013 8000<\/td>\n<td>30 \u2013 7000<\/td>\n<td>Ihne\u010f<\/td>\n<td>1 \u2013 3 dni<\/td>\n<\/tr>\n<tr>\n<td>Kryptomeny<\/td>\n<td>20 \u2013 10000<\/td>\n<td>50 \u2013 10000<\/td>\n<td>Ihne\u010f<\/td>\n<td>1 \u2013 3 dni<\/td>\n<\/tr>\n<\/tbody>\n<\/table>\n<div><img loading=\"lazy\" decoding=\"async\" src=\"\/wp-content\/uploads\/2025\/02\/nomini-tournament.webp\" alt=\"nomini tournament\" width=\"1872\" height=\"210\" class=\"aligncenter size-full wp-image-23\" \/><\/div>\n<h2>Zaregistrujte sa a z\u00edskajte sladk\u00fd bonus!<\/h2>\n<table>\n<tbody>\n<tr>\n<td>\ud83c\udf49 Mel\u00f3n<\/td>\n<td>3 vo\u013en\u00e9 zato\u010denia za ka\u017ed\u00fdch 5 \u20ac vkladu<\/td>\n<\/tr>\n<tr>\n<td>\ud83c\udf4c Ban\u00e1n<\/td>\n<td>Bonusy a\u017e do 500 \u20ac na 3 vklady<\/td>\n<\/tr>\n<tr>\n<td>\ud83e\udd66 Brokolica<\/td>\n<td>100 % bonus do 50 \u20ac na \u0161portov\u00e9 st\u00e1vky<\/td>\n<\/tr>\n<tr>\n<td>\ud83c\udf1f Karambola<\/td>\n<td>150 % bonus do 75 \u20ac<\/td>\n<\/tr>\n<tr>\n<td>\u20bf Krypto bonus<\/td>\n<td>A\u017e 100 mBTC + 100 vo\u013en\u00fdch zato\u010den\u00ed<\/td>\n<\/tr>\n<tr>\n<td>\ud83c\udf4b Limetka<\/td>\n<td>50 % bonus do 500 \u20ac<\/td>\n<\/tr>\n<tr>\n<td>\ud83c\udf53 Jahoda<\/td>\n<td>15 % cashback v live kas\u00edne<\/td>\n<\/tr>\n<tr>\n<td>\ud83c\udf52 \u010cere\u0161ne<\/td>\n<td>100 % bonus do 250 \u20ac + 200 vo\u013en\u00fdch zato\u010den\u00ed<\/td>\n<\/tr>\n<\/tbody>\n<\/table>\n<p>Pre z\u00edskanie bonusu kliknite na \u201eRegistr\u00e1cia\u201c a vypl\u0148te svoje \u00fadaje. Potom prejdite do \u010dasti \u201ePromo akcie\u201c a vyberte si uv\u00edtac\u00ed bonus. Po minim\u00e1lnom vklade 20 \u20ac bude bonus automaticky prip\u00edsan\u00fd na v\u00e1\u0161 \u00fa\u010det a m\u00f4\u017eete za\u010da\u0165 hra\u0165.<\/p>\n","protected":false},"excerpt":{"rendered":"<p>Nomini Casino Slovensko Nomini Casino je popul\u00e1rne online kas\u00edno na Slovensku, spusten\u00e9 v roku 2019. Str\u00e1nka pon\u00faka rozsiahlu kni\u017enicu hier a atrakt\u00edvne bonusy, posilnen\u00e9 funkciou \u201eBonus Crab\u201c. Nomini Slovensko spolupracuje s popredn\u00fdmi poskytovate\u013emi, v\u010faka \u010domu pril\u00e1kalo tis\u00edce slovensk\u00fdch hr\u00e1\u010dov. Bezpe\u010dnos\u0165 na Slovensku a zodpovedn\u00e9 hranie Nomini je \u00faplne bezpe\u010dn\u00e9 online kas\u00edno, ktor\u00e9 chr\u00e1ni \u00fadaje hr\u00e1\u010dov [&hellip;]<\/p>\n","protected":false},"author":1,"featured_media":0,"parent":0,"menu_order":0,"comment_status":"closed","ping_status":"open","template":"","meta":{"footnotes":""},"yoast_head":"<!-- This site is optimized with the Yoast SEO plugin v24.5 - https:\/\/yoast.com\/wordpress\/plugins\/seo\/ -->\n<title>Nomini Casino \u25b7 Ofici\u00e1lna str\u00e1nka kas\u00edna Nomini na Slovensku<\/title>\n<meta name=\"description\" content=\"Zahrajte si najlep\u0161ie automaty a kartov\u00e9 hry v Nomini Casino. \u2b50 Vyberte si zo 6 bonusov. Demo, profesion\u00e1lni krupi\u00e9ri, top poskytovatelia \u279e v\u0161etko v Nomini SK!\" \/>\n<meta name=\"robots\" content=\"index, follow, max-snippet:-1, max-image-preview:large, max-video-preview:-1\" \/>\n<link rel=\"canonical\" href=\"https:\/\/nominikasyno.com\/sk\/\" \/>\n<meta property=\"og:locale\" content=\"pl_PL\" \/>\n<meta property=\"og:type\" content=\"article\" \/>\n<meta property=\"og:title\" content=\"Nomini Casino \u25b7 Ofici\u00e1lna str\u00e1nka kas\u00edna Nomini na Slovensku\" \/>\n<meta property=\"og:description\" content=\"Zahrajte si najlep\u0161ie automaty a kartov\u00e9 hry v Nomini Casino. \u2b50 Vyberte si zo 6 bonusov. Demo, profesion\u00e1lni krupi\u00e9ri, top poskytovatelia \u279e v\u0161etko v Nomini SK!\" \/>\n<meta property=\"og:url\" content=\"https:\/\/nominikasyno.com\/sk\/\" \/>\n<meta property=\"og:site_name\" content=\"nominikasyno.com\" \/>\n<meta name=\"twitter:card\" content=\"summary_large_image\" \/>\n<script type=\"application\/ld+json\" class=\"yoast-schema-graph\">{\"@context\":\"https:\/\/schema.org\",\"@graph\":[{\"@type\":\"WebPage\",\"@id\":\"https:\/\/nominikasyno.com\/sk\/\",\"url\":\"https:\/\/nominikasyno.com\/sk\/\",\"name\":\"Nomini Casino \u25b7 Ofici\u00e1lna str\u00e1nka kas\u00edna Nomini na Slovensku\",\"isPartOf\":{\"@id\":\"https:\/\/nominikasyno.com\/sk\/#website\"},\"datePublished\":\"2025-08-14T11:49:28+00:00\",\"description\":\"Zahrajte si najlep\u0161ie automaty a kartov\u00e9 hry v Nomini Casino. \u2b50 Vyberte si zo 6 bonusov. Demo, profesion\u00e1lni krupi\u00e9ri, top poskytovatelia \u279e v\u0161etko v Nomini SK!\",\"breadcrumb\":{\"@id\":\"https:\/\/nominikasyno.com\/sk\/#breadcrumb\"},\"inLanguage\":\"pl\",\"potentialAction\":[{\"@type\":\"ReadAction\",\"target\":[\"https:\/\/nominikasyno.com\/sk\/\"]}]},{\"@type\":\"BreadcrumbList\",\"@id\":\"https:\/\/nominikasyno.com\/sk\/#breadcrumb\",\"itemListElement\":[{\"@type\":\"ListItem\",\"position\":1,\"name\":\"Strona g\u0142\u00f3wna\",\"item\":\"https:\/\/nominikasyno.com\/sk\/\"},{\"@type\":\"ListItem\",\"position\":2,\"name\":\"Nomini SK\"}]},{\"@type\":\"WebSite\",\"@id\":\"https:\/\/nominikasyno.com\/sk\/#website\",\"url\":\"https:\/\/nominikasyno.com\/sk\/\",\"name\":\"nominikasyno.com\",\"description\":\"\",\"publisher\":{\"@id\":\"https:\/\/nominikasyno.com\/sk\/#organization\"},\"potentialAction\":[{\"@type\":\"SearchAction\",\"target\":{\"@type\":\"EntryPoint\",\"urlTemplate\":\"https:\/\/nominikasyno.com\/sk\/?s={search_term_string}\"},\"query-input\":{\"@type\":\"PropertyValueSpecification\",\"valueRequired\":true,\"valueName\":\"search_term_string\"}}],\"inLanguage\":\"pl\"},{\"@type\":\"Organization\",\"@id\":\"https:\/\/nominikasyno.com\/sk\/#organization\",\"name\":\"nominikasyno.com\",\"url\":\"https:\/\/nominikasyno.com\/sk\/\",\"logo\":{\"@type\":\"ImageObject\",\"inLanguage\":\"pl\",\"@id\":\"https:\/\/nominikasyno.com\/sk\/#\/schema\/logo\/image\/\",\"url\":\"https:\/\/nominikasyno.com\/wp-content\/uploads\/2025\/02\/nomini-logo.png\",\"contentUrl\":\"https:\/\/nominikasyno.com\/wp-content\/uploads\/2025\/02\/nomini-logo.png\",\"width\":1209,\"height\":405,\"caption\":\"nominikasyno.com\"},\"image\":{\"@id\":\"https:\/\/nominikasyno.com\/sk\/#\/schema\/logo\/image\/\"}}]}<\/script>\n<!-- \/ Yoast SEO plugin. -->","yoast_head_json":{"title":"Nomini Casino \u25b7 Ofici\u00e1lna str\u00e1nka kas\u00edna Nomini na Slovensku","description":"Zahrajte si najlep\u0161ie automaty a kartov\u00e9 hry v Nomini Casino. \u2b50 Vyberte si zo 6 bonusov. Demo, profesion\u00e1lni krupi\u00e9ri, top poskytovatelia \u279e v\u0161etko v Nomini SK!","robots":{"index":"index","follow":"follow","max-snippet":"max-snippet:-1","max-image-preview":"max-image-preview:large","max-video-preview":"max-video-preview:-1"},"canonical":"https:\/\/nominikasyno.com\/sk\/","og_locale":"pl_PL","og_type":"article","og_title":"Nomini Casino \u25b7 Ofici\u00e1lna str\u00e1nka kas\u00edna Nomini na Slovensku","og_description":"Zahrajte si najlep\u0161ie automaty a kartov\u00e9 hry v Nomini Casino. \u2b50 Vyberte si zo 6 bonusov. Demo, profesion\u00e1lni krupi\u00e9ri, top poskytovatelia \u279e v\u0161etko v Nomini SK!","og_url":"https:\/\/nominikasyno.com\/sk\/","og_site_name":"nominikasyno.com","twitter_card":"summary_large_image","schema":{"@context":"https:\/\/schema.org","@graph":[{"@type":"WebPage","@id":"https:\/\/nominikasyno.com\/sk\/","url":"https:\/\/nominikasyno.com\/sk\/","name":"Nomini Casino \u25b7 Ofici\u00e1lna str\u00e1nka kas\u00edna Nomini na Slovensku","isPartOf":{"@id":"https:\/\/nominikasyno.com\/sk\/#website"},"datePublished":"2025-08-14T11:49:28+00:00","description":"Zahrajte si najlep\u0161ie automaty a kartov\u00e9 hry v Nomini Casino. \u2b50 Vyberte si zo 6 bonusov. Demo, profesion\u00e1lni krupi\u00e9ri, top poskytovatelia \u279e v\u0161etko v Nomini SK!","breadcrumb":{"@id":"https:\/\/nominikasyno.com\/sk\/#breadcrumb"},"inLanguage":"pl","potentialAction":[{"@type":"ReadAction","target":["https:\/\/nominikasyno.com\/sk\/"]}]},{"@type":"BreadcrumbList","@id":"https:\/\/nominikasyno.com\/sk\/#breadcrumb","itemListElement":[{"@type":"ListItem","position":1,"name":"Strona g\u0142\u00f3wna","item":"https:\/\/nominikasyno.com\/sk\/"},{"@type":"ListItem","position":2,"name":"Nomini SK"}]},{"@type":"WebSite","@id":"https:\/\/nominikasyno.com\/sk\/#website","url":"https:\/\/nominikasyno.com\/sk\/","name":"nominikasyno.com","description":"","publisher":{"@id":"https:\/\/nominikasyno.com\/sk\/#organization"},"potentialAction":[{"@type":"SearchAction","target":{"@type":"EntryPoint","urlTemplate":"https:\/\/nominikasyno.com\/sk\/?s={search_term_string}"},"query-input":{"@type":"PropertyValueSpecification","valueRequired":true,"valueName":"search_term_string"}}],"inLanguage":"pl"},{"@type":"Organization","@id":"https:\/\/nominikasyno.com\/sk\/#organization","name":"nominikasyno.com","url":"https:\/\/nominikasyno.com\/sk\/","logo":{"@type":"ImageObject","inLanguage":"pl","@id":"https:\/\/nominikasyno.com\/sk\/#\/schema\/logo\/image\/","url":"https:\/\/nominikasyno.com\/wp-content\/uploads\/2025\/02\/nomini-logo.png","contentUrl":"https:\/\/nominikasyno.com\/wp-content\/uploads\/2025\/02\/nomini-logo.png","width":1209,"height":405,"caption":"nominikasyno.com"},"image":{"@id":"https:\/\/nominikasyno.com\/sk\/#\/schema\/logo\/image\/"}}]}},"_links":{"self":[{"href":"https:\/\/nominikasyno.com\/sk\/wp-json\/wp\/v2\/pages\/225"}],"collection":[{"href":"https:\/\/nominikasyno.com\/sk\/wp-json\/wp\/v2\/pages"}],"about":[{"href":"https:\/\/nominikasyno.com\/sk\/wp-json\/wp\/v2\/types\/page"}],"author":[{"embeddable":true,"href":"https:\/\/nominikasyno.com\/sk\/wp-json\/wp\/v2\/users\/1"}],"replies":[{"embeddable":true,"href":"https:\/\/nominikasyno.com\/sk\/wp-json\/wp\/v2\/comments?post=225"}],"version-history":[{"count":2,"href":"https:\/\/nominikasyno.com\/sk\/wp-json\/wp\/v2\/pages\/225\/revisions"}],"predecessor-version":[{"id":227,"href":"https:\/\/nominikasyno.com\/sk\/wp-json\/wp\/v2\/pages\/225\/revisions\/227"}],"wp:attachment":[{"href":"https:\/\/nominikasyno.com\/sk\/wp-json\/wp\/v2\/media?parent=225"}],"curies":[{"name":"wp","href":"https:\/\/api.w.org\/{rel}","templated":true}]}}