{"id":220,"date":"2025-08-14T11:47:28","date_gmt":"2025-08-14T11:47:28","guid":{"rendered":"https:\/\/nominikasyno.com\/?page_id=220"},"modified":"2025-08-14T11:47:28","modified_gmt":"2025-08-14T11:47:28","slug":"nomini-sl","status":"publish","type":"page","link":"https:\/\/nominikasyno.com\/sl\/","title":{"rendered":"Nomini SL"},"content":{"rendered":"<h1>Nomini Casino Slovenija<\/h1>\n<p>Nomini Casino je priljubljena spletna igralnica v Sloveniji, ki je za\u010dela delovati leta 2019. Spletno mesto ima obse\u017eno knji\u017enico iger in privla\u010dne bonuse, okrepljene s funkcijo \u00bbBonus Crab\u00ab. Nomini Slovenija sodeluje z najbolj\u0161imi ponudniki v industriji, kar je pritegnilo tiso\u010de slovenskih igralcev.<\/p>\n<h2>Varnost v Sloveniji in odgovorno igranje<\/h2>\n<p>Nomini je popolnoma varna spletna igralnica, ki varuje podatke svojih uporabnikov s preverjenimi pla\u010dilnimi sistemi in SSL-\u0161ifriranjem. Skladnost z mednarodnimi predpisi spodbuja za\u0161\u010dito pred razvojem zasvojenosti z igrami na sre\u010do. Na voljo so \u0161tevilne funkcije odgovornega igranja, kot so limiti pologov, preverjanje resni\u010dnosti in za\u010dasna ustavitev ra\u010duna.<\/p>\n<h2>Knji\u017enica igralnih avtomatov v Nomini Casino<\/h2>\n<div class=\"slots-container\">\n<div class=\"slot\">\n<div><img decoding=\"async\" src=\"\/wp-content\/uploads\/2025\/02\/Sugar-Rush-1000.gif\" alt=\"Sugar Rush 1000\"><\/div>\n<div><a href=\"\/games\" rel=\"nofollow\" class=\"play-button\"><svg viewBox=\"0 0 24 24\"><polygon points=\"8,5 19,12 8,19\" fill=\"#a3124f\"\/><\/svg><\/a><\/div>\n<\/p><\/div>\n<div class=\"slot\">\n<div><img decoding=\"async\" src=\"\/wp-content\/uploads\/2025\/02\/Gonzos-Quest-Megaways.jpg\" alt=\"Gonzo\u2019s Quest Megaways\"><\/div>\n<div><a href=\"\/games\" rel=\"nofollow\" class=\"play-button\"><svg viewBox=\"0 0 24 24\"><polygon points=\"8,5 19,12 8,19\" fill=\"#a3124f\"\/><\/svg><\/a><\/div>\n<\/p><\/div>\n<div class=\"slot\">\n<div><img decoding=\"async\" src=\"\/wp-content\/uploads\/2025\/02\/HotTriple-Sevens.jpg\" alt=\"Hot Triple Sevens\"><\/div>\n<div><a href=\"\/games\" rel=\"nofollow\" class=\"play-button\"><svg viewBox=\"0 0 24 24\"><polygon points=\"8,5 19,12 8,19\" fill=\"#a3124f\"\/><\/svg><\/a><\/div>\n<\/p><\/div>\n<div class=\"slot\">\n<div><img decoding=\"async\" src=\"\/wp-content\/uploads\/2025\/02\/Zeus-vs-Hades-Gods-of-War.png\" alt=\"Zevs proti Hadesu \u2013 Bogovi vojne\"><\/div>\n<div><a href=\"\/games\" rel=\"nofollow\" class=\"play-button\"><svg viewBox=\"0 0 24 24\"><polygon points=\"8,5 19,12 8,19\" fill=\"#a3124f\"\/><\/svg><\/a><\/div>\n<\/p><\/div>\n<div class=\"slot\">\n<div><img decoding=\"async\" src=\"\/wp-content\/uploads\/2025\/02\/Wild-Spin.png\" alt=\"Wild Spin\"><\/div>\n<div><a href=\"\/games\" rel=\"nofollow\" class=\"play-button\"><svg viewBox=\"0 0 24 24\"><polygon points=\"8,5 19,12 8,19\" fill=\"#a3124f\"\/><\/svg><\/a><\/div>\n<\/p><\/div>\n<\/div>\n<p>Najmo\u010dnej\u0161a prednost Nomini je bogata knji\u017enica slotov znanih ponudnikov, kot so Pragmatic Play, Octoplay, Novomatic in Play\u2019n GO.<\/p>\n<p>V sodelovanju z Nominijem ti razvijalci zagotavljajo vrhunsko izku\u0161njo v igrah, kot so Gates of Olympus, Moon Princess Power of Love, Wolf Fang Ice and Fire in \u0161tevilnih drugih.<\/p>\n<p>Vsak igralni avtomat na strani je na voljo v brezpla\u010dnem demo na\u010dinu. Premaknite kazalec nad igro in kliknite \u00bbDemo\u00ab, da jo preizkusite brezpla\u010dno.<\/p>\n<h2>Klasi\u010dna zabava in live casino pri Nomini<\/h2>\n<div class=\"slots-container\">\n<div class=\"slot\">\n<div><img decoding=\"async\" src=\"\/wp-content\/uploads\/2025\/02\/Crazy-Time.png\" alt=\"Crazy Time\"><\/div>\n<div><a href=\"\/games\" rel=\"nofollow\" class=\"play-button\"><svg viewBox=\"0 0 24 24\"><polygon points=\"8,5 19,12 8,19\" fill=\"#a3124f\"\/><\/svg><\/a><\/div>\n<\/p><\/div>\n<div class=\"slot\">\n<div><img decoding=\"async\" src=\"\/wp-content\/uploads\/2025\/02\/Live-Roulette-Azure.png\" alt=\"Live Ruleta Azure\"><\/div>\n<div><a href=\"\/games\" rel=\"nofollow\" class=\"play-button\"><svg viewBox=\"0 0 24 24\"><polygon points=\"8,5 19,12 8,19\" fill=\"#a3124f\"\/><\/svg><\/a><\/div>\n<\/p><\/div>\n<div class=\"slot\">\n<div><img decoding=\"async\" src=\"\/wp-content\/uploads\/2025\/02\/Football-Studio-Dice.png\" alt=\"Football Studio Dice\"><\/div>\n<div><a href=\"\/games\" rel=\"nofollow\" class=\"play-button\"><svg viewBox=\"0 0 24 24\"><polygon points=\"8,5 19,12 8,19\" fill=\"#a3124f\"\/><\/svg><\/a><\/div>\n<\/p><\/div>\n<div class=\"slot\">\n<div><img decoding=\"async\" src=\"\/wp-content\/uploads\/2025\/02\/Live-Speed-Baccarat.png\" alt=\"Live Speed Baccarat\"><\/div>\n<div><a href=\"\/games\" rel=\"nofollow\" class=\"play-button\"><svg viewBox=\"0 0 24 24\"><polygon points=\"8,5 19,12 8,19\" fill=\"#a3124f\"\/><\/svg><\/a><\/div>\n<\/p><\/div>\n<div class=\"slot\">\n<div><img decoding=\"async\" src=\"\/wp-content\/uploads\/2025\/02\/Las-Vegas-Roulette.png\" alt=\"Las Vegas Ruleta\"><\/div>\n<div><a href=\"\/games\" rel=\"nofollow\" class=\"play-button\"><svg viewBox=\"0 0 24 24\"><polygon points=\"8,5 19,12 8,19\" fill=\"#a3124f\"\/><\/svg><\/a><\/div>\n<\/p><\/div>\n<\/div>\n<h2>Mo\u017enosti pla\u010dil in \u010dasi izpla\u010dil<\/h2>\n<table>\n<thead>\n<tr>\n<th>Na\u010din pla\u010dila<\/th>\n<th>Vpla\u010dilo (\u20ac)<\/th>\n<th>Izpla\u010dilo (\u20ac)<\/th>\n<th>Obdelava<\/th>\n<th>\u010cas izpla\u010dila<\/th>\n<\/tr>\n<\/thead>\n<tbody>\n<tr>\n<td>Kreditna\/debetna kartica<\/td>\n<td>10 \u2013 5000<\/td>\n<td>20 \u2013 7000<\/td>\n<td>Takoj<\/td>\n<td>1 \u2013 3 dni<\/td>\n<\/tr>\n<tr>\n<td>Skrill<\/td>\n<td>15 \u2013 10000<\/td>\n<td>30 \u2013 8000<\/td>\n<td>Takoj<\/td>\n<td>1 \u2013 3 dni<\/td>\n<\/tr>\n<tr>\n<td>Neteller<\/td>\n<td>15 \u2013 8000<\/td>\n<td>30 \u2013 7000<\/td>\n<td>Takoj<\/td>\n<td>1 \u2013 3 dni<\/td>\n<\/tr>\n<tr>\n<td>Kriptovalute<\/td>\n<td>20 \u2013 10000<\/td>\n<td>50 \u2013 10000<\/td>\n<td>Takoj<\/td>\n<td>1 \u2013 3 dni<\/td>\n<\/tr>\n<\/tbody>\n<\/table>\n<div><img loading=\"lazy\" decoding=\"async\" src=\"\/wp-content\/uploads\/2025\/02\/nomini-tournament.webp\" alt=\"nomini tournament\" width=\"1872\" height=\"210\" class=\"aligncenter size-full wp-image-23\" \/><\/div>\n<h2>Registrirajte se in prejmite sladek bonus!<\/h2>\n<table>\n<tbody>\n<tr>\n<td>\ud83c\udf49 Lubenica<\/td>\n<td>3 brezpla\u010dni vrtljaji za vsakih 5 \u20ac pologa<\/td>\n<\/tr>\n<tr>\n<td>\ud83c\udf4c Banana<\/td>\n<td>Bonusi do 500 \u20ac v treh pologih<\/td>\n<\/tr>\n<tr>\n<td>\ud83e\udd66 Brokoli<\/td>\n<td>100 % bonus do 50 \u20ac za \u0161portne stave<\/td>\n<\/tr>\n<tr>\n<td>\ud83c\udf1f Karambola<\/td>\n<td>150 % bonus do 75 \u20ac<\/td>\n<\/tr>\n<tr>\n<td>\u20bf Kriptobonus<\/td>\n<td>Do 100 mBTC + 100 brezpla\u010dnih vrtljajev<\/td>\n<\/tr>\n<tr>\n<td>\ud83c\udf4b Limeta<\/td>\n<td>50 % bonus do 500 \u20ac<\/td>\n<\/tr>\n<tr>\n<td>\ud83c\udf53 Jagoda<\/td>\n<td>15 % cashback v live casinu<\/td>\n<\/tr>\n<tr>\n<td>\ud83c\udf52 \u010ce\u0161nje<\/td>\n<td>100 % bonus do 250 \u20ac + 200 brezpla\u010dnih vrtljajev<\/td>\n<\/tr>\n<\/tbody>\n<\/table>\n<p>Za prejem bonusa najprej kliknite \u00bbRegistracija\u00ab in vnesite svoje podatke. Nato odprite razdelek \u00bbPromocije\u00ab in izberite \u017eeleni paket dobrodo\u0161lice. Po najmanj 20 \u20ac vpla\u010dilu bo bonus samodejno dodan na va\u0161 ra\u010dun, nato pa lahko za\u010dnete igrati.<\/p>\n","protected":false},"excerpt":{"rendered":"<p>Nomini Casino Slovenija Nomini Casino je priljubljena spletna igralnica v Sloveniji, ki je za\u010dela delovati leta 2019. Spletno mesto ima obse\u017eno knji\u017enico iger in privla\u010dne bonuse, okrepljene s funkcijo \u00bbBonus Crab\u00ab. Nomini Slovenija sodeluje z najbolj\u0161imi ponudniki v industriji, kar je pritegnilo tiso\u010de slovenskih igralcev. Varnost v Sloveniji in odgovorno igranje Nomini je popolnoma varna [&hellip;]<\/p>\n","protected":false},"author":1,"featured_media":0,"parent":0,"menu_order":0,"comment_status":"closed","ping_status":"open","template":"","meta":{"footnotes":""},"yoast_head":"<!-- This site is optimized with the Yoast SEO plugin v24.5 - https:\/\/yoast.com\/wordpress\/plugins\/seo\/ -->\n<title>Nomini Casino \u25b7 Uradna stran igralnice Nomini v Sloveniji<\/title>\n<meta name=\"description\" content=\"Igrajte najbolj\u0161e avtomate in igre s kartami v Nomini Casino. Izberite med 6 bonusi. Demo, profesionalni delivci, vrhunski ponudniki \u279e vse na Nomini!\" \/>\n<meta name=\"robots\" content=\"index, follow, max-snippet:-1, max-image-preview:large, max-video-preview:-1\" \/>\n<link rel=\"canonical\" href=\"https:\/\/nominikasyno.com\/sl\/\" \/>\n<meta property=\"og:locale\" content=\"pl_PL\" \/>\n<meta property=\"og:type\" content=\"article\" \/>\n<meta property=\"og:title\" content=\"Nomini Casino \u25b7 Uradna stran igralnice Nomini v Sloveniji\" \/>\n<meta property=\"og:description\" content=\"Igrajte najbolj\u0161e avtomate in igre s kartami v Nomini Casino. Izberite med 6 bonusi. Demo, profesionalni delivci, vrhunski ponudniki \u279e vse na Nomini!\" \/>\n<meta property=\"og:url\" content=\"https:\/\/nominikasyno.com\/sl\/\" \/>\n<meta property=\"og:site_name\" content=\"nominikasyno.com\" \/>\n<meta name=\"twitter:card\" content=\"summary_large_image\" \/>\n<script type=\"application\/ld+json\" class=\"yoast-schema-graph\">{\"@context\":\"https:\/\/schema.org\",\"@graph\":[{\"@type\":\"WebPage\",\"@id\":\"https:\/\/nominikasyno.com\/sl\/\",\"url\":\"https:\/\/nominikasyno.com\/sl\/\",\"name\":\"Nomini Casino \u25b7 Uradna stran igralnice Nomini v Sloveniji\",\"isPartOf\":{\"@id\":\"https:\/\/nominikasyno.com\/sl\/#website\"},\"datePublished\":\"2025-08-14T11:47:28+00:00\",\"description\":\"Igrajte najbolj\u0161e avtomate in igre s kartami v Nomini Casino. Izberite med 6 bonusi. Demo, profesionalni delivci, vrhunski ponudniki \u279e vse na Nomini!\",\"breadcrumb\":{\"@id\":\"https:\/\/nominikasyno.com\/sl\/#breadcrumb\"},\"inLanguage\":\"pl\",\"potentialAction\":[{\"@type\":\"ReadAction\",\"target\":[\"https:\/\/nominikasyno.com\/sl\/\"]}]},{\"@type\":\"BreadcrumbList\",\"@id\":\"https:\/\/nominikasyno.com\/sl\/#breadcrumb\",\"itemListElement\":[{\"@type\":\"ListItem\",\"position\":1,\"name\":\"Strona g\u0142\u00f3wna\",\"item\":\"https:\/\/nominikasyno.com\/sl\/\"},{\"@type\":\"ListItem\",\"position\":2,\"name\":\"Nomini SL\"}]},{\"@type\":\"WebSite\",\"@id\":\"https:\/\/nominikasyno.com\/sl\/#website\",\"url\":\"https:\/\/nominikasyno.com\/sl\/\",\"name\":\"nominikasyno.com\",\"description\":\"\",\"publisher\":{\"@id\":\"https:\/\/nominikasyno.com\/sl\/#organization\"},\"potentialAction\":[{\"@type\":\"SearchAction\",\"target\":{\"@type\":\"EntryPoint\",\"urlTemplate\":\"https:\/\/nominikasyno.com\/sl\/?s={search_term_string}\"},\"query-input\":{\"@type\":\"PropertyValueSpecification\",\"valueRequired\":true,\"valueName\":\"search_term_string\"}}],\"inLanguage\":\"pl\"},{\"@type\":\"Organization\",\"@id\":\"https:\/\/nominikasyno.com\/sl\/#organization\",\"name\":\"nominikasyno.com\",\"url\":\"https:\/\/nominikasyno.com\/sl\/\",\"logo\":{\"@type\":\"ImageObject\",\"inLanguage\":\"pl\",\"@id\":\"https:\/\/nominikasyno.com\/sl\/#\/schema\/logo\/image\/\",\"url\":\"https:\/\/nominikasyno.com\/wp-content\/uploads\/2025\/02\/nomini-logo.png\",\"contentUrl\":\"https:\/\/nominikasyno.com\/wp-content\/uploads\/2025\/02\/nomini-logo.png\",\"width\":1209,\"height\":405,\"caption\":\"nominikasyno.com\"},\"image\":{\"@id\":\"https:\/\/nominikasyno.com\/sl\/#\/schema\/logo\/image\/\"}}]}<\/script>\n<!-- \/ Yoast SEO plugin. -->","yoast_head_json":{"title":"Nomini Casino \u25b7 Uradna stran igralnice Nomini v Sloveniji","description":"Igrajte najbolj\u0161e avtomate in igre s kartami v Nomini Casino. Izberite med 6 bonusi. Demo, profesionalni delivci, vrhunski ponudniki \u279e vse na Nomini!","robots":{"index":"index","follow":"follow","max-snippet":"max-snippet:-1","max-image-preview":"max-image-preview:large","max-video-preview":"max-video-preview:-1"},"canonical":"https:\/\/nominikasyno.com\/sl\/","og_locale":"pl_PL","og_type":"article","og_title":"Nomini Casino \u25b7 Uradna stran igralnice Nomini v Sloveniji","og_description":"Igrajte najbolj\u0161e avtomate in igre s kartami v Nomini Casino. Izberite med 6 bonusi. Demo, profesionalni delivci, vrhunski ponudniki \u279e vse na Nomini!","og_url":"https:\/\/nominikasyno.com\/sl\/","og_site_name":"nominikasyno.com","twitter_card":"summary_large_image","schema":{"@context":"https:\/\/schema.org","@graph":[{"@type":"WebPage","@id":"https:\/\/nominikasyno.com\/sl\/","url":"https:\/\/nominikasyno.com\/sl\/","name":"Nomini Casino \u25b7 Uradna stran igralnice Nomini v Sloveniji","isPartOf":{"@id":"https:\/\/nominikasyno.com\/sl\/#website"},"datePublished":"2025-08-14T11:47:28+00:00","description":"Igrajte najbolj\u0161e avtomate in igre s kartami v Nomini Casino. Izberite med 6 bonusi. Demo, profesionalni delivci, vrhunski ponudniki \u279e vse na Nomini!","breadcrumb":{"@id":"https:\/\/nominikasyno.com\/sl\/#breadcrumb"},"inLanguage":"pl","potentialAction":[{"@type":"ReadAction","target":["https:\/\/nominikasyno.com\/sl\/"]}]},{"@type":"BreadcrumbList","@id":"https:\/\/nominikasyno.com\/sl\/#breadcrumb","itemListElement":[{"@type":"ListItem","position":1,"name":"Strona g\u0142\u00f3wna","item":"https:\/\/nominikasyno.com\/sl\/"},{"@type":"ListItem","position":2,"name":"Nomini SL"}]},{"@type":"WebSite","@id":"https:\/\/nominikasyno.com\/sl\/#website","url":"https:\/\/nominikasyno.com\/sl\/","name":"nominikasyno.com","description":"","publisher":{"@id":"https:\/\/nominikasyno.com\/sl\/#organization"},"potentialAction":[{"@type":"SearchAction","target":{"@type":"EntryPoint","urlTemplate":"https:\/\/nominikasyno.com\/sl\/?s={search_term_string}"},"query-input":{"@type":"PropertyValueSpecification","valueRequired":true,"valueName":"search_term_string"}}],"inLanguage":"pl"},{"@type":"Organization","@id":"https:\/\/nominikasyno.com\/sl\/#organization","name":"nominikasyno.com","url":"https:\/\/nominikasyno.com\/sl\/","logo":{"@type":"ImageObject","inLanguage":"pl","@id":"https:\/\/nominikasyno.com\/sl\/#\/schema\/logo\/image\/","url":"https:\/\/nominikasyno.com\/wp-content\/uploads\/2025\/02\/nomini-logo.png","contentUrl":"https:\/\/nominikasyno.com\/wp-content\/uploads\/2025\/02\/nomini-logo.png","width":1209,"height":405,"caption":"nominikasyno.com"},"image":{"@id":"https:\/\/nominikasyno.com\/sl\/#\/schema\/logo\/image\/"}}]}},"_links":{"self":[{"href":"https:\/\/nominikasyno.com\/sl\/wp-json\/wp\/v2\/pages\/220"}],"collection":[{"href":"https:\/\/nominikasyno.com\/sl\/wp-json\/wp\/v2\/pages"}],"about":[{"href":"https:\/\/nominikasyno.com\/sl\/wp-json\/wp\/v2\/types\/page"}],"author":[{"embeddable":true,"href":"https:\/\/nominikasyno.com\/sl\/wp-json\/wp\/v2\/users\/1"}],"replies":[{"embeddable":true,"href":"https:\/\/nominikasyno.com\/sl\/wp-json\/wp\/v2\/comments?post=220"}],"version-history":[{"count":1,"href":"https:\/\/nominikasyno.com\/sl\/wp-json\/wp\/v2\/pages\/220\/revisions"}],"predecessor-version":[{"id":223,"href":"https:\/\/nominikasyno.com\/sl\/wp-json\/wp\/v2\/pages\/220\/revisions\/223"}],"wp:attachment":[{"href":"https:\/\/nominikasyno.com\/sl\/wp-json\/wp\/v2\/media?parent=220"}],"curies":[{"name":"wp","href":"https:\/\/api.w.org\/{rel}","templated":true}]}}